{"id":899,"date":"2025-12-16T10:20:20","date_gmt":"2025-12-16T10:20:20","guid":{"rendered":"https:\/\/www.passimoncello.nl\/informativa-sulla-privacy\/"},"modified":"2026-04-21T12:43:41","modified_gmt":"2026-04-21T12:43:41","slug":"informativa-sulla-privacy","status":"publish","type":"page","link":"https:\/\/www.passimoncello.nl\/it\/informativa-sulla-privacy\/","title":{"rendered":"Informativa sulla privacy"},"content":{"rendered":"<section class=\"editor std-padding\">\n\t<grid class=\"boxed\">\n\t\t<grid class=\"text-box autop\">\n            <h1 class=\"font-heading\">Informativa sulla privacy<\/h1>\n\t\t\t<p>DICHIARAZIONE SULLA PRIVACY<\/p>\n<p>Passimoncello rispetta la privacy dei visitatori del sito web, in particolare i diritti dei visitatori in merito al trattamento automatizzato dei dati personali. Per garantire la massima trasparenza nei confronti dei nostri clienti, abbiamo quindi formulato e implementato una politica relativa a tali trattamenti, alle loro finalit\u00e0 e alle possibilit\u00e0 per gli interessati di esercitare al meglio i propri diritti. <\/p>\n<p>Per ulteriori informazioni sulla protezione dei dati personali, \u00e8 possibile consultare il sito web dell\u2019Autorit\u00e0 olandese per la protezione dei dati personali: https:\/\/autoriteitpersoonsgegevens.nl\/nl.<\/p>\n<p>Fino a quando non accetterai l\u2019uso di cookie e altri sistemi di tracciamento sul sito web, non verranno installati sul tuo computer, telefono cellulare o tablet cookie analitici non anonimizzati e\/o cookie di tracciamento.<br \/>Proseguendo la navigazione sul sito web, accetti le seguenti condizioni d\u2019uso.<\/p>\n<p>La versione attualmente disponibile sul sito web dell\u2019informativa sulla privacy \u00e8 l\u2019unica applicabile durante la navigazione, fino a quando una nuova versione non sostituir\u00e0 quella attuale.<\/p>\n<p>Articolo 1 \u2013 Disposizioni legali<br \/>Sito web (di seguito anche \u201cil sito web\u201d): www.Passimoncello.nl<\/p>\n<p>Titolare del trattamento dei dati personali (di seguito anche: \u201cil Titolare\u201d): Passimoncello, con sede in Amer 39, 5422VP Gemert, numero di iscrizione alla Camera di Commercio (KvK): 81968450.<\/p>\n<p>Articolo 2 \u2013 Accesso al sito web<\/p>\n<p>L\u2019accesso al sito web e il suo utilizzo sono strettamente personali. Non \u00e8 consentito utilizzare il sito web, n\u00e9 i dati e le informazioni in esso contenuti, per finalit\u00e0 commerciali, politiche o pubblicitarie, n\u00e9 per qualsiasi offerta commerciale, e in particolare per l\u2019invio di comunicazioni elettroniche non richieste. <\/p>\n<p>Articolo 3 \u2013 Contenuti del sito web<\/p>\n<p>Tutti i marchi, le immagini, i testi, i commenti, le illustrazioni, le immagini (animate), i video, i suoni, nonch\u00e9 tutte le applicazioni tecniche utilizzate per il funzionamento del sito web e, pi\u00f9 in generale, tutti gli elementi presenti su questo sito, sono protetti dalla legge in materia di diritti di propriet\u00e0 intellettuale.<br \/>Qualsiasi riproduzione, ripetizione, utilizzo o adattamento, in qualsiasi forma, dell\u2019intero o di parte di esso, comprese le applicazioni tecniche, senza il previo consenso scritto del Titolare, \u00e8 severamente vietato. Il fatto che il Titolare non intervenga immediatamente contro eventuali violazioni non pu\u00f2 essere interpretato come un consenso tacito o come una rinuncia ad agire per vie legali.  <\/p>\n<p>Articolo 4 \u2013 Gestione del sito web<\/p>\n<p>Per la corretta gestione del sito web, il Titolare pu\u00f2 in qualsiasi momento:<\/p>\n<p>&#8211; sospendere, interrompere o limitare l\u2019accesso a una determinata categoria di visitatori all\u2019intero sito web o a una sua parte<\/p>\n<p>&#8211; eliminare qualsiasi informazione che possa compromettere il funzionamento del sito web o che sia in contrasto con la normativa nazionale o internazionale, oppure con le regole della netiquette<\/p>\n<p>&#8211; rendere temporaneamente non disponibile il sito web al fine di effettuare aggiornamenti<\/p>\n<p>Articolo 5 \u2013 Responsabilit\u00e0<\/p>\n<p>Il Titolare non \u00e8 in alcun caso responsabile per guasti, malfunzionamenti, difficolt\u00e0 o interruzioni nel funzionamento del sito web, che possano rendere il sito o una delle sue funzionalit\u00e0 non accessibili.<br \/>La modalit\u00e0 con cui ti connetti al sito web \u00e8 sotto la tua esclusiva responsabilit\u00e0. Sei tenuto a adottare tutte le misure adeguate per proteggere i tuoi dispositivi e i tuoi dati, tra cui la protezione da attacchi informatici come virus.<br \/>Sei inoltre responsabile dei siti web e dei dati che consulti su Internet.   <\/p>\n<p>Il Titolare non \u00e8 responsabile per eventuali procedimenti legali avviati nei tuoi confronti:<\/p>\n<p>&#8211; a causa dell\u2019utilizzo del sito web o dei servizi accessibili tramite Internet<br \/>\n&#8211; a causa della violazione delle condizioni della presente informativa sulla privacy<\/p>\n<p>Il Titolare non \u00e8 responsabile per eventuali danni subiti da te, da terzi o dalle tue apparecchiature a seguito della connessione al sito web o del suo utilizzo. Ti impegni ad astenerti da qualsiasi azione nei confronti del Titolare in relazione a tali danni. <\/p>\n<p>Qualora il Titolare venga coinvolto in una controversia a seguito del tuo utilizzo del sito web, ha il diritto di rivalersi su di te per tutti i danni subiti e che dovr\u00e0 ancora subire di conseguenza.<\/p>\n<p>Articolo 6 \u2013 Raccolta dei dati<\/p>\n<p>I tuoi dati sono raccolti da Passimoncello. Per dati personali si intende qualsiasi informazione relativa a una persona fisica identificata o identificabile; \u00e8 considerata identificabile una persona fisica che pu\u00f2 essere identificata, direttamente o indirettamente, in particolare mediante un identificatore come un nome, un numero di identificazione, dati relativi all\u2019ubicazione, un identificatore online o uno o pi\u00f9 elementi caratteristici della sua identit\u00e0 fisica, fisiologica, genetica, psichica, economica, culturale o sociale. <\/p>\n<p>I dati personali raccolti sul sito web sono utilizzati principalmente dal Titolare per mantenere il rapporto con te e, se del caso, per elaborare i tuoi ordini.<\/p>\n<p>Articolo 7 \u2013 I tuoi diritti in merito ai tuoi dati<\/p>\n<p>Ai sensi dell\u2019articolo 13, paragrafo 2, lettera b del GDPR (Regolamento Generale sulla Protezione dei Dati), ogni interessato ha il diritto di accesso ai propri dati personali, nonch\u00e9 il diritto di rettifica o cancellazione degli stessi o di limitazione del trattamento che lo riguarda, oltre al diritto di opporsi al trattamento e al diritto alla portabilit\u00e0 dei dati.<br \/>\u00c8 possibile esercitare tali diritti contattandoci all\u2019indirizzo Info@passimoncello.nl. <\/p>\n<p>Ogni richiesta deve essere accompagnata da una copia di un documento di identit\u00e0 valido, firmato dall\u2019interessato, e indicare l\u2019indirizzo al quale \u00e8 possibile contattarti.<br \/>Riceverai una risposta entro 1 mese dalla presentazione della richiesta. A seconda della complessit\u00e0 e del numero delle richieste, tale termine potr\u00e0 essere prorogato, se necessario, di ulteriori 2 mesi. <\/p>\n<p>Articolo 8 \u2013 Trattamento dei dati personali<\/p>\n<p>In caso di violazione di leggi o regolamenti, di cui il visitatore \u00e8 sospettato e per le quali le autorit\u00e0 necessitano dei dati personali raccolti dal Titolare, tali dati saranno forniti alle autorit\u00e0 su richiesta esplicita e motivata delle stesse.<br \/>Di conseguenza, tali dati personali non saranno pi\u00f9 soggetti alla protezione prevista dalla presente informativa sulla privacy.<\/p>\n<p>Qualora determinate informazioni siano necessarie per accedere a specifiche funzionalit\u00e0 del sito web, il Titolare indicher\u00e0 il carattere obbligatorio di tali informazioni al momento della richiesta dei dati.<\/p>\n<p>Articolo 9 \u2013 Offerte commerciali<\/p>\n<p>Potresti ricevere offerte commerciali dal Titolare. Se non desideri (pi\u00f9) riceverle, puoi inviare un\u2019e-mail al seguente indirizzo: Info@passimoncello.nl. <\/p>\n<p>Qualora durante la visita del sito web tu venga a conoscenza di dati personali, sei tenuto ad astenerti dalla loro raccolta o da qualsiasi altro utilizzo non autorizzato, nonch\u00e9 da qualsiasi atto che possa costituire una violazione della privacy della\/e persona\/e interessata\/e.<br \/>Il Titolare non \u00e8 in alcun caso responsabile per le situazioni sopra descritte. <\/p>\n<p>Articolo 10 \u2013 Periodo di conservazione dei dati<\/p>\n<p>I dati raccolti dal Titolare del sito web sono utilizzati e conservati per il periodo previsto dalla legge.<\/p>\n<p>Articolo 11 \u2013 Cookie<\/p>\n<p>1. Un cookie \u00e8 un piccolo file di testo che viene memorizzato sul disco rigido del tuo computer quando visiti il nostro sito web. Un cookie contiene dati che consentono di riconoscerti come visitatore a ogni accesso al nostro sito. In questo modo \u00e8 possibile personalizzare il sito web in base alle tue preferenze e facilitare l\u2019accesso. <\/p>\n<p>2. Utilizziamo i seguenti tipi di cookie sul nostro sito web:<br \/>\nCookie funzionali: come cookie di sessione e di accesso, utilizzati per memorizzare le informazioni relative alla sessione e al login.<\/p>\n<p>3. Pi\u00f9 nello specifico utilizziamo i seguenti cookie:<br \/>\nNessun altro cookie<\/p>\n<p>4. Quando visiti il nostro sito web, possono essere installati sul tuo dispositivo cookie provenienti dal Titolare e\/o da terze parti.<\/p>\n<p>5. Per ulteriori informazioni sull\u2019uso, la gestione e l\u2019eliminazione dei cookie per ciascun tipo di sistema operativo, ti invitiamo a consultare il seguente link: https:\/\/autoriteitpersoonsgegevens.nl\/nl\/onderwerpen\/internet-telefoon-tv-en-post\/cookies#faq<\/p>\n<p><\/p>\n<p>Articolo 12 \u2013 Immagini e prodotti offerti<\/p>\n<p>Nessun diritto pu\u00f2 essere derivato dalle immagini relative ai prodotti offerti sul sito web.<\/p>\n<p>Articolo 13 \u2013 Legge applicabile<\/p>\n<p>Alle presenti condizioni si applica il diritto olandese. Il tribunale del luogo in cui il Titolare ha la propria sede \u00e8 competente in via esclusiva per eventuali controversie relative alle presenti condizioni, salvo nei casi in cui sia prevista un\u2019eccezione legale. <\/p>\n<p>Articolo 14 \u2013 Contatti<\/p>\n<p>Per domande, informazioni sui prodotti o sul sito web, \u00e8 possibile contattare: Passimoncello, Info@passimoncello.nl.<\/p>\n<p>Articolo 15 \u2013 Attribuzione<\/p>\n<p>La presente informativa sulla privacy \u00e8 stata redatta con l\u2019ausilio di Rocket Lawyer (https:\/\/www.rocketlawyer.com\/nl\/nl).<\/p>\n<p>La presente informativa sulla privacy \u00e8 applicabile fino a nuovo avviso.<\/p>\n\t\t<\/grid>\n\t<\/grid>\n<\/section>","protected":false},"excerpt":{"rendered":"","protected":false},"author":1,"featured_media":0,"parent":0,"menu_order":0,"comment_status":"closed","ping_status":"closed","template":"","meta":{"_acf_changed":false,"footnotes":""},"class_list":["post-899","page","type-page","status-publish","hentry"],"acf":[],"yoast_head":"<!-- This site is optimized with the Yoast SEO plugin v27.4 - https:\/\/yoast.com\/product\/yoast-seo-wordpress\/ -->\n<title>Informativa sulla privacy - Passimoncello<\/title>\n<meta name=\"robots\" content=\"index, follow, max-snippet:-1, max-image-preview:large, max-video-preview:-1\" \/>\n<link rel=\"canonical\" href=\"https:\/\/www.passimoncello.nl\/it\/informativa-sulla-privacy\/\" \/>\n<meta property=\"og:locale\" content=\"it_IT\" \/>\n<meta property=\"og:type\" content=\"article\" \/>\n<meta property=\"og:title\" content=\"Informativa sulla privacy - Passimoncello\" \/>\n<meta property=\"og:url\" content=\"https:\/\/www.passimoncello.nl\/it\/informativa-sulla-privacy\/\" \/>\n<meta property=\"og:site_name\" content=\"Passimoncello\" \/>\n<meta property=\"article:publisher\" content=\"https:\/\/www.facebook.com\/profile.php?id=100080135461266\" \/>\n<meta property=\"article:modified_time\" content=\"2026-04-21T12:43:41+00:00\" \/>\n<meta name=\"twitter:card\" content=\"summary_large_image\" \/>\n<script type=\"application\/ld+json\" class=\"yoast-schema-graph\">{\"@context\":\"https:\\\/\\\/schema.org\",\"@graph\":[{\"@type\":\"WebPage\",\"@id\":\"https:\\\/\\\/www.passimoncello.nl\\\/it\\\/informativa-sulla-privacy\\\/\",\"url\":\"https:\\\/\\\/www.passimoncello.nl\\\/it\\\/informativa-sulla-privacy\\\/\",\"name\":\"Informativa sulla privacy - Passimoncello\",\"isPartOf\":{\"@id\":\"https:\\\/\\\/www.passimoncello.nl\\\/#website\"},\"datePublished\":\"2025-12-16T10:20:20+00:00\",\"dateModified\":\"2026-04-21T12:43:41+00:00\",\"breadcrumb\":{\"@id\":\"https:\\\/\\\/www.passimoncello.nl\\\/it\\\/informativa-sulla-privacy\\\/#breadcrumb\"},\"inLanguage\":\"it-IT\",\"potentialAction\":[{\"@type\":\"ReadAction\",\"target\":[\"https:\\\/\\\/www.passimoncello.nl\\\/it\\\/informativa-sulla-privacy\\\/\"]}]},{\"@type\":\"BreadcrumbList\",\"@id\":\"https:\\\/\\\/www.passimoncello.nl\\\/it\\\/informativa-sulla-privacy\\\/#breadcrumb\",\"itemListElement\":[{\"@type\":\"ListItem\",\"position\":1,\"name\":\"Home\",\"item\":\"https:\\\/\\\/www.passimoncello.nl\\\/it\\\/home\\\/\"},{\"@type\":\"ListItem\",\"position\":2,\"name\":\"Informativa sulla privacy\"}]},{\"@type\":\"WebSite\",\"@id\":\"https:\\\/\\\/www.passimoncello.nl\\\/#website\",\"url\":\"https:\\\/\\\/www.passimoncello.nl\\\/\",\"name\":\"Passimoncello\",\"description\":\"\",\"publisher\":{\"@id\":\"https:\\\/\\\/www.passimoncello.nl\\\/#organization\"},\"potentialAction\":[{\"@type\":\"SearchAction\",\"target\":{\"@type\":\"EntryPoint\",\"urlTemplate\":\"https:\\\/\\\/www.passimoncello.nl\\\/?s={search_term_string}\"},\"query-input\":{\"@type\":\"PropertyValueSpecification\",\"valueRequired\":true,\"valueName\":\"search_term_string\"}}],\"inLanguage\":\"it-IT\"},{\"@type\":\"Organization\",\"@id\":\"https:\\\/\\\/www.passimoncello.nl\\\/#organization\",\"name\":\"Passimoncello\",\"url\":\"https:\\\/\\\/www.passimoncello.nl\\\/\",\"logo\":{\"@type\":\"ImageObject\",\"inLanguage\":\"it-IT\",\"@id\":\"https:\\\/\\\/www.passimoncello.nl\\\/#\\\/schema\\\/logo\\\/image\\\/\",\"url\":\"https:\\\/\\\/www.passimoncello.nl\\\/wp-content\\\/uploads\\\/2026\\\/01\\\/Final-logo-logo.jpg\",\"contentUrl\":\"https:\\\/\\\/www.passimoncello.nl\\\/wp-content\\\/uploads\\\/2026\\\/01\\\/Final-logo-logo.jpg\",\"width\":668,\"height\":306,\"caption\":\"Passimoncello\"},\"image\":{\"@id\":\"https:\\\/\\\/www.passimoncello.nl\\\/#\\\/schema\\\/logo\\\/image\\\/\"},\"sameAs\":[\"https:\\\/\\\/www.facebook.com\\\/profile.php?id=100080135461266\",\"https:\\\/\\\/www.instagram.com\\\/passimoncello\\\/\",\"https:\\\/\\\/www.tiktok.com\\\/@passimoncello\"]}]}<\/script>\n<!-- \/ Yoast SEO plugin. -->","yoast_head_json":{"title":"Informativa sulla privacy - Passimoncello","robots":{"index":"index","follow":"follow","max-snippet":"max-snippet:-1","max-image-preview":"max-image-preview:large","max-video-preview":"max-video-preview:-1"},"canonical":"https:\/\/www.passimoncello.nl\/it\/informativa-sulla-privacy\/","og_locale":"it_IT","og_type":"article","og_title":"Informativa sulla privacy - Passimoncello","og_url":"https:\/\/www.passimoncello.nl\/it\/informativa-sulla-privacy\/","og_site_name":"Passimoncello","article_publisher":"https:\/\/www.facebook.com\/profile.php?id=100080135461266","article_modified_time":"2026-04-21T12:43:41+00:00","twitter_card":"summary_large_image","schema":{"@context":"https:\/\/schema.org","@graph":[{"@type":"WebPage","@id":"https:\/\/www.passimoncello.nl\/it\/informativa-sulla-privacy\/","url":"https:\/\/www.passimoncello.nl\/it\/informativa-sulla-privacy\/","name":"Informativa sulla privacy - Passimoncello","isPartOf":{"@id":"https:\/\/www.passimoncello.nl\/#website"},"datePublished":"2025-12-16T10:20:20+00:00","dateModified":"2026-04-21T12:43:41+00:00","breadcrumb":{"@id":"https:\/\/www.passimoncello.nl\/it\/informativa-sulla-privacy\/#breadcrumb"},"inLanguage":"it-IT","potentialAction":[{"@type":"ReadAction","target":["https:\/\/www.passimoncello.nl\/it\/informativa-sulla-privacy\/"]}]},{"@type":"BreadcrumbList","@id":"https:\/\/www.passimoncello.nl\/it\/informativa-sulla-privacy\/#breadcrumb","itemListElement":[{"@type":"ListItem","position":1,"name":"Home","item":"https:\/\/www.passimoncello.nl\/it\/home\/"},{"@type":"ListItem","position":2,"name":"Informativa sulla privacy"}]},{"@type":"WebSite","@id":"https:\/\/www.passimoncello.nl\/#website","url":"https:\/\/www.passimoncello.nl\/","name":"Passimoncello","description":"","publisher":{"@id":"https:\/\/www.passimoncello.nl\/#organization"},"potentialAction":[{"@type":"SearchAction","target":{"@type":"EntryPoint","urlTemplate":"https:\/\/www.passimoncello.nl\/?s={search_term_string}"},"query-input":{"@type":"PropertyValueSpecification","valueRequired":true,"valueName":"search_term_string"}}],"inLanguage":"it-IT"},{"@type":"Organization","@id":"https:\/\/www.passimoncello.nl\/#organization","name":"Passimoncello","url":"https:\/\/www.passimoncello.nl\/","logo":{"@type":"ImageObject","inLanguage":"it-IT","@id":"https:\/\/www.passimoncello.nl\/#\/schema\/logo\/image\/","url":"https:\/\/www.passimoncello.nl\/wp-content\/uploads\/2026\/01\/Final-logo-logo.jpg","contentUrl":"https:\/\/www.passimoncello.nl\/wp-content\/uploads\/2026\/01\/Final-logo-logo.jpg","width":668,"height":306,"caption":"Passimoncello"},"image":{"@id":"https:\/\/www.passimoncello.nl\/#\/schema\/logo\/image\/"},"sameAs":["https:\/\/www.facebook.com\/profile.php?id=100080135461266","https:\/\/www.instagram.com\/passimoncello\/","https:\/\/www.tiktok.com\/@passimoncello"]}]}},"_links":{"self":[{"href":"https:\/\/www.passimoncello.nl\/it\/wp-json\/wp\/v2\/pages\/899","targetHints":{"allow":["GET"]}}],"collection":[{"href":"https:\/\/www.passimoncello.nl\/it\/wp-json\/wp\/v2\/pages"}],"about":[{"href":"https:\/\/www.passimoncello.nl\/it\/wp-json\/wp\/v2\/types\/page"}],"author":[{"embeddable":true,"href":"https:\/\/www.passimoncello.nl\/it\/wp-json\/wp\/v2\/users\/1"}],"replies":[{"embeddable":true,"href":"https:\/\/www.passimoncello.nl\/it\/wp-json\/wp\/v2\/comments?post=899"}],"version-history":[{"count":1,"href":"https:\/\/www.passimoncello.nl\/it\/wp-json\/wp\/v2\/pages\/899\/revisions"}],"predecessor-version":[{"id":900,"href":"https:\/\/www.passimoncello.nl\/it\/wp-json\/wp\/v2\/pages\/899\/revisions\/900"}],"wp:attachment":[{"href":"https:\/\/www.passimoncello.nl\/it\/wp-json\/wp\/v2\/media?parent=899"}],"curies":[{"name":"wp","href":"https:\/\/api.w.org\/{rel}","templated":true}]}}