{"id":886,"date":"2025-10-30T15:25:22","date_gmt":"2025-10-30T15:25:22","guid":{"rendered":"https:\/\/www.passimoncello.nl\/passimoncello-cremoso\/"},"modified":"2026-04-21T09:47:38","modified_gmt":"2026-04-21T09:47:38","slug":"passimoncello-cremoso","status":"publish","type":"page","link":"https:\/\/www.passimoncello.nl\/it\/passimoncello-cremoso\/","title":{"rendered":"Passimoncello Cremoso"},"content":{"rendered":"\n<section class=\"text-image std-padding\">\n\t<grid class=\"boxed\">\n\t\t<grid class=\"widget columns\">\n\t\t\t<grid class=\"column text align-content-center\">\n\t\t\t\t<span class=\"font-subheading\">Silky, Smooth, Cremoso<\/span>\n\t\t\t\t<h1 class=\"font-heading\">Passimoncello Cremoso<\/h1>\n\t\t\t\t<p>Passimoncello Cremoso sorprende ad ogni sorso con una raffinata combinazione di fresco frutto della passione e cremosa panna. Il risultato \u00e8 un liquore fruttato e vellutato, dal gusto pieno e delicato, perfetto da gustare liscio.<br>Con una gradazione alcolica del 17%, \u00e8 piacevolmente accessibile e d\u00e0 il meglio di s\u00e9 servito ben freddo, direttamente dal frigorifero.  <\/p>\n\t\t\t<\/grid>\n\t\t\t<hr>\n\t\t\t<grid class=\"column\">\n\t\t\t\t<img decoding=\"async\" src=\"https:\/\/www.passimoncello.nl\/wp-content\/uploads\/2025\/11\/The-Creaturs-Hub-Lara-van-den-Broek-Passimoncello-9913-scaled-e1763542845463.jpg\">\n\t\t\t<\/grid>\n\t\t<\/grid>\n\t<\/grid>\n<\/section>\n<section class=\"features std-padding\">\n\t<grid class=\"boxed\">\n\t\t<grid class=\"widget columns\">\n\t\t\t<grid class=\"column list align-items-start\">\n                \n                                \n                                \n                            <\/grid>\n\t\t\t<grid class=\"column image-box\">\n\t\t\t\t<img decoding=\"async\" src=\"https:\/\/www.passimoncello.nl\/wp-content\/uploads\/2025\/11\/cremoso-free.png\">\n\t\t\t<\/grid>\n\t\t<\/grid>\n\t<\/grid>\n<\/section>","protected":false},"excerpt":{"rendered":"","protected":false},"author":1,"featured_media":0,"parent":0,"menu_order":0,"comment_status":"closed","ping_status":"closed","template":"","meta":{"_acf_changed":false,"footnotes":""},"class_list":["post-886","page","type-page","status-publish","hentry"],"acf":[],"yoast_head":"<!-- This site is optimized with the Yoast SEO plugin v27.4 - https:\/\/yoast.com\/product\/yoast-seo-wordpress\/ -->\n<title>Passimoncello Cremoso - Passimoncello<\/title>\n<meta name=\"description\" content=\"Lasciati sorprendere da Passimoncello Cremoso, un liquore al frutto della passione vellutato con un finale morbido e cremoso. Piacevolmente accessibile con il 17% di alcol, \u00e8 ideale da gustare ben freddo.\" \/>\n<meta name=\"robots\" content=\"index, follow, max-snippet:-1, max-image-preview:large, max-video-preview:-1\" \/>\n<link rel=\"canonical\" href=\"https:\/\/www.passimoncello.nl\/it\/passimoncello-cremoso\/\" \/>\n<meta property=\"og:locale\" content=\"it_IT\" \/>\n<meta property=\"og:type\" content=\"article\" \/>\n<meta property=\"og:title\" content=\"Passimoncello Cremoso - Passimoncello\" \/>\n<meta property=\"og:description\" content=\"Lasciati sorprendere da Passimoncello Cremoso, un liquore al frutto della passione vellutato con un finale morbido e cremoso. Piacevolmente accessibile con il 17% di alcol, \u00e8 ideale da gustare ben freddo.\" \/>\n<meta property=\"og:url\" content=\"https:\/\/www.passimoncello.nl\/it\/passimoncello-cremoso\/\" \/>\n<meta property=\"og:site_name\" content=\"Passimoncello\" \/>\n<meta property=\"article:publisher\" content=\"https:\/\/www.facebook.com\/profile.php?id=100080135461266\" \/>\n<meta property=\"article:modified_time\" content=\"2026-04-21T09:47:38+00:00\" \/>\n<meta name=\"twitter:card\" content=\"summary_large_image\" \/>\n<script type=\"application\/ld+json\" class=\"yoast-schema-graph\">{\"@context\":\"https:\\\/\\\/schema.org\",\"@graph\":[{\"@type\":\"WebPage\",\"@id\":\"https:\\\/\\\/www.passimoncello.nl\\\/it\\\/passimoncello-cremoso\\\/\",\"url\":\"https:\\\/\\\/www.passimoncello.nl\\\/it\\\/passimoncello-cremoso\\\/\",\"name\":\"Passimoncello Cremoso - Passimoncello\",\"isPartOf\":{\"@id\":\"https:\\\/\\\/www.passimoncello.nl\\\/#website\"},\"datePublished\":\"2025-10-30T15:25:22+00:00\",\"dateModified\":\"2026-04-21T09:47:38+00:00\",\"description\":\"Lasciati sorprendere da Passimoncello Cremoso, un liquore al frutto della passione vellutato con un finale morbido e cremoso. Piacevolmente accessibile con il 17% di alcol, \u00e8 ideale da gustare ben freddo.\",\"breadcrumb\":{\"@id\":\"https:\\\/\\\/www.passimoncello.nl\\\/it\\\/passimoncello-cremoso\\\/#breadcrumb\"},\"inLanguage\":\"it-IT\",\"potentialAction\":[{\"@type\":\"ReadAction\",\"target\":[\"https:\\\/\\\/www.passimoncello.nl\\\/it\\\/passimoncello-cremoso\\\/\"]}]},{\"@type\":\"BreadcrumbList\",\"@id\":\"https:\\\/\\\/www.passimoncello.nl\\\/it\\\/passimoncello-cremoso\\\/#breadcrumb\",\"itemListElement\":[{\"@type\":\"ListItem\",\"position\":1,\"name\":\"Home\",\"item\":\"https:\\\/\\\/www.passimoncello.nl\\\/it\\\/home\\\/\"},{\"@type\":\"ListItem\",\"position\":2,\"name\":\"Passimoncello Cremoso\"}]},{\"@type\":\"WebSite\",\"@id\":\"https:\\\/\\\/www.passimoncello.nl\\\/#website\",\"url\":\"https:\\\/\\\/www.passimoncello.nl\\\/\",\"name\":\"Passimoncello\",\"description\":\"\",\"publisher\":{\"@id\":\"https:\\\/\\\/www.passimoncello.nl\\\/#organization\"},\"potentialAction\":[{\"@type\":\"SearchAction\",\"target\":{\"@type\":\"EntryPoint\",\"urlTemplate\":\"https:\\\/\\\/www.passimoncello.nl\\\/?s={search_term_string}\"},\"query-input\":{\"@type\":\"PropertyValueSpecification\",\"valueRequired\":true,\"valueName\":\"search_term_string\"}}],\"inLanguage\":\"it-IT\"},{\"@type\":\"Organization\",\"@id\":\"https:\\\/\\\/www.passimoncello.nl\\\/#organization\",\"name\":\"Passimoncello\",\"url\":\"https:\\\/\\\/www.passimoncello.nl\\\/\",\"logo\":{\"@type\":\"ImageObject\",\"inLanguage\":\"it-IT\",\"@id\":\"https:\\\/\\\/www.passimoncello.nl\\\/#\\\/schema\\\/logo\\\/image\\\/\",\"url\":\"https:\\\/\\\/www.passimoncello.nl\\\/wp-content\\\/uploads\\\/2026\\\/01\\\/Final-logo-logo.jpg\",\"contentUrl\":\"https:\\\/\\\/www.passimoncello.nl\\\/wp-content\\\/uploads\\\/2026\\\/01\\\/Final-logo-logo.jpg\",\"width\":668,\"height\":306,\"caption\":\"Passimoncello\"},\"image\":{\"@id\":\"https:\\\/\\\/www.passimoncello.nl\\\/#\\\/schema\\\/logo\\\/image\\\/\"},\"sameAs\":[\"https:\\\/\\\/www.facebook.com\\\/profile.php?id=100080135461266\",\"https:\\\/\\\/www.instagram.com\\\/passimoncello\\\/\",\"https:\\\/\\\/www.tiktok.com\\\/@passimoncello\"]}]}<\/script>\n<!-- \/ Yoast SEO plugin. -->","yoast_head_json":{"title":"Passimoncello Cremoso - Passimoncello","description":"Lasciati sorprendere da Passimoncello Cremoso, un liquore al frutto della passione vellutato con un finale morbido e cremoso. Piacevolmente accessibile con il 17% di alcol, \u00e8 ideale da gustare ben freddo.","robots":{"index":"index","follow":"follow","max-snippet":"max-snippet:-1","max-image-preview":"max-image-preview:large","max-video-preview":"max-video-preview:-1"},"canonical":"https:\/\/www.passimoncello.nl\/it\/passimoncello-cremoso\/","og_locale":"it_IT","og_type":"article","og_title":"Passimoncello Cremoso - Passimoncello","og_description":"Lasciati sorprendere da Passimoncello Cremoso, un liquore al frutto della passione vellutato con un finale morbido e cremoso. Piacevolmente accessibile con il 17% di alcol, \u00e8 ideale da gustare ben freddo.","og_url":"https:\/\/www.passimoncello.nl\/it\/passimoncello-cremoso\/","og_site_name":"Passimoncello","article_publisher":"https:\/\/www.facebook.com\/profile.php?id=100080135461266","article_modified_time":"2026-04-21T09:47:38+00:00","twitter_card":"summary_large_image","schema":{"@context":"https:\/\/schema.org","@graph":[{"@type":"WebPage","@id":"https:\/\/www.passimoncello.nl\/it\/passimoncello-cremoso\/","url":"https:\/\/www.passimoncello.nl\/it\/passimoncello-cremoso\/","name":"Passimoncello Cremoso - Passimoncello","isPartOf":{"@id":"https:\/\/www.passimoncello.nl\/#website"},"datePublished":"2025-10-30T15:25:22+00:00","dateModified":"2026-04-21T09:47:38+00:00","description":"Lasciati sorprendere da Passimoncello Cremoso, un liquore al frutto della passione vellutato con un finale morbido e cremoso. Piacevolmente accessibile con il 17% di alcol, \u00e8 ideale da gustare ben freddo.","breadcrumb":{"@id":"https:\/\/www.passimoncello.nl\/it\/passimoncello-cremoso\/#breadcrumb"},"inLanguage":"it-IT","potentialAction":[{"@type":"ReadAction","target":["https:\/\/www.passimoncello.nl\/it\/passimoncello-cremoso\/"]}]},{"@type":"BreadcrumbList","@id":"https:\/\/www.passimoncello.nl\/it\/passimoncello-cremoso\/#breadcrumb","itemListElement":[{"@type":"ListItem","position":1,"name":"Home","item":"https:\/\/www.passimoncello.nl\/it\/home\/"},{"@type":"ListItem","position":2,"name":"Passimoncello Cremoso"}]},{"@type":"WebSite","@id":"https:\/\/www.passimoncello.nl\/#website","url":"https:\/\/www.passimoncello.nl\/","name":"Passimoncello","description":"","publisher":{"@id":"https:\/\/www.passimoncello.nl\/#organization"},"potentialAction":[{"@type":"SearchAction","target":{"@type":"EntryPoint","urlTemplate":"https:\/\/www.passimoncello.nl\/?s={search_term_string}"},"query-input":{"@type":"PropertyValueSpecification","valueRequired":true,"valueName":"search_term_string"}}],"inLanguage":"it-IT"},{"@type":"Organization","@id":"https:\/\/www.passimoncello.nl\/#organization","name":"Passimoncello","url":"https:\/\/www.passimoncello.nl\/","logo":{"@type":"ImageObject","inLanguage":"it-IT","@id":"https:\/\/www.passimoncello.nl\/#\/schema\/logo\/image\/","url":"https:\/\/www.passimoncello.nl\/wp-content\/uploads\/2026\/01\/Final-logo-logo.jpg","contentUrl":"https:\/\/www.passimoncello.nl\/wp-content\/uploads\/2026\/01\/Final-logo-logo.jpg","width":668,"height":306,"caption":"Passimoncello"},"image":{"@id":"https:\/\/www.passimoncello.nl\/#\/schema\/logo\/image\/"},"sameAs":["https:\/\/www.facebook.com\/profile.php?id=100080135461266","https:\/\/www.instagram.com\/passimoncello\/","https:\/\/www.tiktok.com\/@passimoncello"]}]}},"_links":{"self":[{"href":"https:\/\/www.passimoncello.nl\/it\/wp-json\/wp\/v2\/pages\/886","targetHints":{"allow":["GET"]}}],"collection":[{"href":"https:\/\/www.passimoncello.nl\/it\/wp-json\/wp\/v2\/pages"}],"about":[{"href":"https:\/\/www.passimoncello.nl\/it\/wp-json\/wp\/v2\/types\/page"}],"author":[{"embeddable":true,"href":"https:\/\/www.passimoncello.nl\/it\/wp-json\/wp\/v2\/users\/1"}],"replies":[{"embeddable":true,"href":"https:\/\/www.passimoncello.nl\/it\/wp-json\/wp\/v2\/comments?post=886"}],"version-history":[{"count":1,"href":"https:\/\/www.passimoncello.nl\/it\/wp-json\/wp\/v2\/pages\/886\/revisions"}],"predecessor-version":[{"id":889,"href":"https:\/\/www.passimoncello.nl\/it\/wp-json\/wp\/v2\/pages\/886\/revisions\/889"}],"wp:attachment":[{"href":"https:\/\/www.passimoncello.nl\/it\/wp-json\/wp\/v2\/media?parent=886"}],"curies":[{"name":"wp","href":"https:\/\/api.w.org\/{rel}","templated":true}]}}