{"id":880,"date":"2025-10-30T13:13:48","date_gmt":"2025-10-30T13:13:48","guid":{"rendered":"https:\/\/www.passimoncello.nl\/passimoncello\/"},"modified":"2026-04-21T09:47:46","modified_gmt":"2026-04-21T09:47:46","slug":"passimoncello","status":"publish","type":"page","link":"https:\/\/www.passimoncello.nl\/it\/passimoncello\/","title":{"rendered":"Passimoncello"},"content":{"rendered":"\n<section class=\"text-image std-padding\">\n\t<grid class=\"boxed\">\n\t\t<grid class=\"widget columns\">\n\t\t\t<grid class=\"column text align-content-center\">\n\t\t\t\t<span class=\"font-subheading\">Senti il calore di estati senza fine<\/span>\n\t\t\t\t<h1 class=\"font-heading\">Passimoncello<\/h1>\n\t\t\t\t<p>Ogni sorso di Passimoncello \u00e8 un equilibrio tra dolcezza e freschezza, ricco di note fruttate che ricordano il profumo del frutto della passione appena aperto. La sua consistenza leggera ed elegante lo rende accessibile, ma allo stesso tempo ricco di carattere.<br>Passimoncello \u00e8 realizzato esclusivamente con ingredienti naturali, non \u00e8 filtrato per garantire un gusto puro e autentico, e presenta una gradazione alcolica decisa del 29%. \u00c8 perfetto sia da gustare liscio sia come base per cocktail.   <\/p>\n\t\t\t<\/grid>\n\t\t\t<hr>\n\t\t\t<grid class=\"column\">\n\t\t\t\t<img decoding=\"async\" src=\"https:\/\/www.passimoncello.nl\/wp-content\/uploads\/2025\/08\/passimoncello_sfeerbeeld.jpg\">\n\t\t\t<\/grid>\n\t\t<\/grid>\n\t<\/grid>\n<\/section>\n<section class=\"features std-padding\">\n\t<grid class=\"boxed\">\n\t\t<grid class=\"widget columns\">\n\t\t\t<grid class=\"column list align-items-start\">\n                \n                                \n                                \n                                <grid class=\"block\">\n                    <h3 class=\"font-heading\">I nostri frutti della passione<\/h3>\n                    <p>&nbsp;<\/p>\n<p>Nelle regioni elevate dell\u2019Ecuador, dove i terreni vulcanici, il sole tropicale e l\u2019aria fresca di montagna si incontrano, si respira un\u2019atmosfera di artigianalit\u00e0 e orgoglio. Le famiglie che lavorano il frutto della passione da generazioni uniscono la tradizione a un profondo rispetto per l\u2019ambiente.<br \/>Ogni fase, dalla cura delle piante alla selezione dei frutti migliori, viene svolta con attenzione e dedizione. Questo approccio artigianale, radicato nell\u2019amore per la terra e per il frutto della passione, costituisce la base dell\u2019eccezionale qualit\u00e0 che valorizziamo nel nostro Passimoncello.   <\/p>\n                <\/grid>\n                            <\/grid>\n\t\t\t<grid class=\"column image-box\">\n\t\t\t\t<img decoding=\"async\" src=\"https:\/\/www.passimoncello.nl\/wp-content\/uploads\/2025\/11\/classic-free-1.png\">\n\t\t\t<\/grid>\n\t\t<\/grid>\n\t<\/grid>\n<\/section>\n<section class=\"cocktails\">\n\t<div class=\"cocktail-wrap\">\n\t\t<h3 class=\"font-subheading text-center\">Cocktails<\/h3>\n        <h2 class=\"font-heading text-center\">Il gusto perfetto per:<\/h2>\n        <div class=\"widget\">\n                        <div class=\"woocommerce\">\n                <div class=\"splide cocktail-slider\" role=\"group\">\n                    <div class=\"splide__arrows\">\n                        <button class=\"splide__arrow splide__arrow--prev\"><i class=\"fa-solid fa-arrow-right\"><\/i><\/button>\n                        <button class=\"splide__arrow splide__arrow--next\"><i class=\"fa-solid fa-arrow-right\"><\/i><\/button>\n                    <\/div>\n\n                    <div class=\"splide__track\">\n\n                        <grid class=\"cocktails splide__list\">\n                                                <a href=\"https:\/\/www.passimoncello.nl\/cocktail\/frozen-pornstar-martini\/\" class=\"splide__slide\">\n    \t<article class=\"cocktail item\">\n\t\t\n\t\t\t\t<div class=\"post-thumbnail\">\n\t\t\t<img loading=\"lazy\" decoding=\"async\" width=\"683\" height=\"1024\" src=\"https:\/\/www.passimoncello.nl\/wp-content\/uploads\/2025\/09\/The-Creators-Hub-Jordi-Sloots-Passimoncello--683x1024.jpg\" class=\"attachment-large size-large wp-post-image\" alt=\"\" srcset=\"https:\/\/www.passimoncello.nl\/wp-content\/uploads\/2025\/09\/The-Creators-Hub-Jordi-Sloots-Passimoncello--683x1024.jpg 683w, https:\/\/www.passimoncello.nl\/wp-content\/uploads\/2025\/09\/The-Creators-Hub-Jordi-Sloots-Passimoncello--200x300.jpg 200w, https:\/\/www.passimoncello.nl\/wp-content\/uploads\/2025\/09\/The-Creators-Hub-Jordi-Sloots-Passimoncello--768x1152.jpg 768w, https:\/\/www.passimoncello.nl\/wp-content\/uploads\/2025\/09\/The-Creators-Hub-Jordi-Sloots-Passimoncello--1024x1536.jpg 1024w, https:\/\/www.passimoncello.nl\/wp-content\/uploads\/2025\/09\/The-Creators-Hub-Jordi-Sloots-Passimoncello--1365x2048.jpg 1365w, https:\/\/www.passimoncello.nl\/wp-content\/uploads\/2025\/09\/The-Creators-Hub-Jordi-Sloots-Passimoncello--1200x1800.jpg 1200w, https:\/\/www.passimoncello.nl\/wp-content\/uploads\/2025\/09\/The-Creators-Hub-Jordi-Sloots-Passimoncello--scaled.jpg 1706w\" sizes=\"auto, (max-width: 683px) 100vw, 683px\" \/>\t\t<\/div>\n\t\t        \n        <div class=\"overlay\">\n            <h2>Frozen Pornstar Martini<\/h2>\n            <flex class=\"tags align-items-center\">\n                                        <span>Tropisch<\/span>\n                                    <span>&bull;<\/span>\n                                            <span>Verfrissend<\/span>\n                                        <\/flex>\n        <\/div>\n\t\t\n\t<\/article>\n<\/a>                                                <a href=\"https:\/\/www.passimoncello.nl\/cocktail\/fresh-pascello\/\" class=\"splide__slide\">\n    \t<article class=\"cocktail item\">\n\t\t\n\t\t\t\t<div class=\"post-thumbnail\">\n\t\t\t<img loading=\"lazy\" decoding=\"async\" width=\"682\" height=\"1024\" src=\"https:\/\/www.passimoncello.nl\/wp-content\/uploads\/2025\/09\/PHOTO-2021-08-11-12-13-31-682x1024.jpg\" class=\"attachment-large size-large wp-post-image\" alt=\"\" srcset=\"https:\/\/www.passimoncello.nl\/wp-content\/uploads\/2025\/09\/PHOTO-2021-08-11-12-13-31-682x1024.jpg 682w, https:\/\/www.passimoncello.nl\/wp-content\/uploads\/2025\/09\/PHOTO-2021-08-11-12-13-31-200x300.jpg 200w, https:\/\/www.passimoncello.nl\/wp-content\/uploads\/2025\/09\/PHOTO-2021-08-11-12-13-31-768x1153.jpg 768w, https:\/\/www.passimoncello.nl\/wp-content\/uploads\/2025\/09\/PHOTO-2021-08-11-12-13-31-1023x1536.jpg 1023w, https:\/\/www.passimoncello.nl\/wp-content\/uploads\/2025\/09\/PHOTO-2021-08-11-12-13-31.jpg 1066w\" sizes=\"auto, (max-width: 682px) 100vw, 682px\" \/>\t\t<\/div>\n\t\t        \n        <div class=\"overlay\">\n            <h2>Fresh Pascello<\/h2>\n            <flex class=\"tags align-items-center\">\n                                        <span>Tropisch<\/span>\n                                    <span>&bull;<\/span>\n                                            <span>Zomers<\/span>\n                                        <\/flex>\n        <\/div>\n\t\t\n\t<\/article>\n<\/a>                                                <a href=\"https:\/\/www.passimoncello.nl\/cocktail\/passimoncello-fizz\/\" class=\"splide__slide\">\n    \t<article class=\"cocktail item\">\n\t\t\n\t\t\t\t<div class=\"post-thumbnail\">\n\t\t\t<img loading=\"lazy\" decoding=\"async\" width=\"576\" height=\"1024\" src=\"https:\/\/www.passimoncello.nl\/wp-content\/uploads\/2025\/09\/Passimoncello-Spritz-576x1024.jpg\" class=\"attachment-large size-large wp-post-image\" alt=\"Passimoncello Spritz\" srcset=\"https:\/\/www.passimoncello.nl\/wp-content\/uploads\/2025\/09\/Passimoncello-Spritz-576x1024.jpg 576w, https:\/\/www.passimoncello.nl\/wp-content\/uploads\/2025\/09\/Passimoncello-Spritz-169x300.jpg 169w, https:\/\/www.passimoncello.nl\/wp-content\/uploads\/2025\/09\/Passimoncello-Spritz-768x1365.jpg 768w, https:\/\/www.passimoncello.nl\/wp-content\/uploads\/2025\/09\/Passimoncello-Spritz-864x1536.jpg 864w, https:\/\/www.passimoncello.nl\/wp-content\/uploads\/2025\/09\/Passimoncello-Spritz-1152x2048.jpg 1152w, https:\/\/www.passimoncello.nl\/wp-content\/uploads\/2025\/09\/Passimoncello-Spritz-1200x2133.jpg 1200w, https:\/\/www.passimoncello.nl\/wp-content\/uploads\/2025\/09\/Passimoncello-Spritz-scaled.jpg 1440w\" sizes=\"auto, (max-width: 576px) 100vw, 576px\" \/>\t\t<\/div>\n\t\t        \n        <div class=\"overlay\">\n            <h2>Passimoncello Spritz<\/h2>\n            <flex class=\"tags align-items-center\">\n                                        <span>Tropisch<\/span>\n                                    <span>&bull;<\/span>\n                                            <span>Verfrissend<\/span>\n                                    <span>&bull;<\/span>\n                                            <span>Verrassend<\/span>\n                                        <\/flex>\n        <\/div>\n\t\t\n\t<\/article>\n<\/a>                                                <a href=\"https:\/\/www.passimoncello.nl\/cocktail\/passion-mojito\/\" class=\"splide__slide\">\n    \t<article class=\"cocktail item\">\n\t\t\n\t\t\t\t<div class=\"post-thumbnail\">\n\t\t\t<img loading=\"lazy\" decoding=\"async\" width=\"852\" height=\"1024\" src=\"https:\/\/www.passimoncello.nl\/wp-content\/uploads\/2025\/09\/Schermafbeelding-2025-12-10-om-09.59.50-852x1024.png\" class=\"attachment-large size-large wp-post-image\" alt=\"Mojito\" srcset=\"https:\/\/www.passimoncello.nl\/wp-content\/uploads\/2025\/09\/Schermafbeelding-2025-12-10-om-09.59.50-852x1024.png 852w, https:\/\/www.passimoncello.nl\/wp-content\/uploads\/2025\/09\/Schermafbeelding-2025-12-10-om-09.59.50-250x300.png 250w, https:\/\/www.passimoncello.nl\/wp-content\/uploads\/2025\/09\/Schermafbeelding-2025-12-10-om-09.59.50-768x923.png 768w, https:\/\/www.passimoncello.nl\/wp-content\/uploads\/2025\/09\/Schermafbeelding-2025-12-10-om-09.59.50.png 940w\" sizes=\"auto, (max-width: 852px) 100vw, 852px\" \/>\t\t<\/div>\n\t\t        \n        <div class=\"overlay\">\n            <h2>Passion Mojito<\/h2>\n            <flex class=\"tags align-items-center\">\n                                        <span>Zomers<\/span>\n                                        <\/flex>\n        <\/div>\n\t\t\n\t<\/article>\n<\/a>                                                <a href=\"https:\/\/www.passimoncello.nl\/cocktail\/passimoncello-sour\/\" class=\"splide__slide\">\n    \t<article class=\"cocktail item\">\n\t\t\n\t\t\t\t<div class=\"post-thumbnail\">\n\t\t\t<img loading=\"lazy\" decoding=\"async\" width=\"1024\" height=\"804\" src=\"https:\/\/www.passimoncello.nl\/wp-content\/uploads\/2025\/09\/Schermafbeelding-2025-12-08-om-14.37.58-1024x804.png\" class=\"attachment-large size-large wp-post-image\" alt=\"Passimoncello Sour\" srcset=\"https:\/\/www.passimoncello.nl\/wp-content\/uploads\/2025\/09\/Schermafbeelding-2025-12-08-om-14.37.58-1024x804.png 1024w, https:\/\/www.passimoncello.nl\/wp-content\/uploads\/2025\/09\/Schermafbeelding-2025-12-08-om-14.37.58-300x235.png 300w, https:\/\/www.passimoncello.nl\/wp-content\/uploads\/2025\/09\/Schermafbeelding-2025-12-08-om-14.37.58-768x603.png 768w, https:\/\/www.passimoncello.nl\/wp-content\/uploads\/2025\/09\/Schermafbeelding-2025-12-08-om-14.37.58.png 1180w\" sizes=\"auto, (max-width: 1024px) 100vw, 1024px\" \/>\t\t<\/div>\n\t\t        \n        <div class=\"overlay\">\n            <h2>Passimoncello Sour<\/h2>\n            <flex class=\"tags align-items-center\">\n                                        <span>Verfrissend<\/span>\n                                    <span>&bull;<\/span>\n                                            <span>Zuur<\/span>\n                                        <\/flex>\n        <\/div>\n\t\t\n\t<\/article>\n<\/a>                                                <a href=\"https:\/\/www.passimoncello.nl\/cocktail\/passionfruit-swizzle\/\" class=\"splide__slide\">\n    \t<article class=\"cocktail item\">\n\t\t\n\t\t\t\t<div class=\"post-thumbnail\">\n\t\t\t<img loading=\"lazy\" decoding=\"async\" width=\"683\" height=\"1024\" src=\"https:\/\/www.passimoncello.nl\/wp-content\/uploads\/2025\/09\/Passionfruit-Swizzle-683x1024.jpg\" class=\"attachment-large size-large wp-post-image\" alt=\"Passion fruit Swizzle\" srcset=\"https:\/\/www.passimoncello.nl\/wp-content\/uploads\/2025\/09\/Passionfruit-Swizzle-683x1024.jpg 683w, https:\/\/www.passimoncello.nl\/wp-content\/uploads\/2025\/09\/Passionfruit-Swizzle-200x300.jpg 200w, https:\/\/www.passimoncello.nl\/wp-content\/uploads\/2025\/09\/Passionfruit-Swizzle-768x1152.jpg 768w, https:\/\/www.passimoncello.nl\/wp-content\/uploads\/2025\/09\/Passionfruit-Swizzle-1024x1536.jpg 1024w, https:\/\/www.passimoncello.nl\/wp-content\/uploads\/2025\/09\/Passionfruit-Swizzle-1365x2048.jpg 1365w, https:\/\/www.passimoncello.nl\/wp-content\/uploads\/2025\/09\/Passionfruit-Swizzle-1200x1800.jpg 1200w, https:\/\/www.passimoncello.nl\/wp-content\/uploads\/2025\/09\/Passionfruit-Swizzle-scaled.jpg 1706w\" sizes=\"auto, (max-width: 683px) 100vw, 683px\" \/>\t\t<\/div>\n\t\t        \n        <div class=\"overlay\">\n            <h2>Passionfruit Swizzle<\/h2>\n            <flex class=\"tags align-items-center\">\n                                        <span>Bruisend<\/span>\n                                    <span>&bull;<\/span>\n                                            <span>Verfrissend<\/span>\n                                        <\/flex>\n        <\/div>\n\t\t\n\t<\/article>\n<\/a>                                                <\/grid>\n                    <\/div>\n                <\/div>\n            <\/div>\n                    <\/div>\n\t<\/div>\n<\/section>","protected":false},"excerpt":{"rendered":"","protected":false},"author":1,"featured_media":0,"parent":0,"menu_order":0,"comment_status":"closed","ping_status":"closed","template":"","meta":{"_acf_changed":false,"footnotes":""},"class_list":["post-880","page","type-page","status-publish","hentry"],"acf":[],"yoast_head":"<!-- This site is optimized with the Yoast SEO plugin v27.4 - https:\/\/yoast.com\/product\/yoast-seo-wordpress\/ -->\n<title>Passimoncello - Passimoncello<\/title>\n<meta name=\"description\" content=\"Passimoncello: un liquore al frutto della passione 100% naturale! Delizioso da gustare ghiacciato liscio, in un cocktail tropicale o da provare in uno Spritz!\" \/>\n<meta name=\"robots\" content=\"index, follow, max-snippet:-1, max-image-preview:large, max-video-preview:-1\" \/>\n<link rel=\"canonical\" href=\"https:\/\/www.passimoncello.nl\/it\/passimoncello\/\" \/>\n<meta property=\"og:locale\" content=\"it_IT\" \/>\n<meta property=\"og:type\" content=\"article\" \/>\n<meta property=\"og:title\" content=\"Passimoncello - Passimoncello\" \/>\n<meta property=\"og:description\" content=\"Passimoncello: un liquore al frutto della passione 100% naturale! Delizioso da gustare ghiacciato liscio, in un cocktail tropicale o da provare in uno Spritz!\" \/>\n<meta property=\"og:url\" content=\"https:\/\/www.passimoncello.nl\/it\/passimoncello\/\" \/>\n<meta property=\"og:site_name\" content=\"Passimoncello\" \/>\n<meta property=\"article:publisher\" content=\"https:\/\/www.facebook.com\/profile.php?id=100080135461266\" \/>\n<meta property=\"article:modified_time\" content=\"2026-04-21T09:47:46+00:00\" \/>\n<meta name=\"twitter:card\" content=\"summary_large_image\" \/>\n<script type=\"application\/ld+json\" class=\"yoast-schema-graph\">{\"@context\":\"https:\\\/\\\/schema.org\",\"@graph\":[{\"@type\":\"WebPage\",\"@id\":\"https:\\\/\\\/www.passimoncello.nl\\\/it\\\/passimoncello\\\/\",\"url\":\"https:\\\/\\\/www.passimoncello.nl\\\/it\\\/passimoncello\\\/\",\"name\":\"Passimoncello - Passimoncello\",\"isPartOf\":{\"@id\":\"https:\\\/\\\/www.passimoncello.nl\\\/#website\"},\"datePublished\":\"2025-10-30T13:13:48+00:00\",\"dateModified\":\"2026-04-21T09:47:46+00:00\",\"description\":\"Passimoncello: un liquore al frutto della passione 100% naturale! Delizioso da gustare ghiacciato liscio, in un cocktail tropicale o da provare in uno Spritz!\",\"breadcrumb\":{\"@id\":\"https:\\\/\\\/www.passimoncello.nl\\\/it\\\/passimoncello\\\/#breadcrumb\"},\"inLanguage\":\"it-IT\",\"potentialAction\":[{\"@type\":\"ReadAction\",\"target\":[\"https:\\\/\\\/www.passimoncello.nl\\\/it\\\/passimoncello\\\/\"]}]},{\"@type\":\"BreadcrumbList\",\"@id\":\"https:\\\/\\\/www.passimoncello.nl\\\/it\\\/passimoncello\\\/#breadcrumb\",\"itemListElement\":[{\"@type\":\"ListItem\",\"position\":1,\"name\":\"Home\",\"item\":\"https:\\\/\\\/www.passimoncello.nl\\\/it\\\/home\\\/\"},{\"@type\":\"ListItem\",\"position\":2,\"name\":\"Passimoncello\"}]},{\"@type\":\"WebSite\",\"@id\":\"https:\\\/\\\/www.passimoncello.nl\\\/#website\",\"url\":\"https:\\\/\\\/www.passimoncello.nl\\\/\",\"name\":\"Passimoncello\",\"description\":\"\",\"publisher\":{\"@id\":\"https:\\\/\\\/www.passimoncello.nl\\\/#organization\"},\"potentialAction\":[{\"@type\":\"SearchAction\",\"target\":{\"@type\":\"EntryPoint\",\"urlTemplate\":\"https:\\\/\\\/www.passimoncello.nl\\\/?s={search_term_string}\"},\"query-input\":{\"@type\":\"PropertyValueSpecification\",\"valueRequired\":true,\"valueName\":\"search_term_string\"}}],\"inLanguage\":\"it-IT\"},{\"@type\":\"Organization\",\"@id\":\"https:\\\/\\\/www.passimoncello.nl\\\/#organization\",\"name\":\"Passimoncello\",\"url\":\"https:\\\/\\\/www.passimoncello.nl\\\/\",\"logo\":{\"@type\":\"ImageObject\",\"inLanguage\":\"it-IT\",\"@id\":\"https:\\\/\\\/www.passimoncello.nl\\\/#\\\/schema\\\/logo\\\/image\\\/\",\"url\":\"https:\\\/\\\/www.passimoncello.nl\\\/wp-content\\\/uploads\\\/2026\\\/01\\\/Final-logo-logo.jpg\",\"contentUrl\":\"https:\\\/\\\/www.passimoncello.nl\\\/wp-content\\\/uploads\\\/2026\\\/01\\\/Final-logo-logo.jpg\",\"width\":668,\"height\":306,\"caption\":\"Passimoncello\"},\"image\":{\"@id\":\"https:\\\/\\\/www.passimoncello.nl\\\/#\\\/schema\\\/logo\\\/image\\\/\"},\"sameAs\":[\"https:\\\/\\\/www.facebook.com\\\/profile.php?id=100080135461266\",\"https:\\\/\\\/www.instagram.com\\\/passimoncello\\\/\",\"https:\\\/\\\/www.tiktok.com\\\/@passimoncello\"]}]}<\/script>\n<!-- \/ Yoast SEO plugin. -->","yoast_head_json":{"title":"Passimoncello - Passimoncello","description":"Passimoncello: un liquore al frutto della passione 100% naturale! Delizioso da gustare ghiacciato liscio, in un cocktail tropicale o da provare in uno Spritz!","robots":{"index":"index","follow":"follow","max-snippet":"max-snippet:-1","max-image-preview":"max-image-preview:large","max-video-preview":"max-video-preview:-1"},"canonical":"https:\/\/www.passimoncello.nl\/it\/passimoncello\/","og_locale":"it_IT","og_type":"article","og_title":"Passimoncello - Passimoncello","og_description":"Passimoncello: un liquore al frutto della passione 100% naturale! Delizioso da gustare ghiacciato liscio, in un cocktail tropicale o da provare in uno Spritz!","og_url":"https:\/\/www.passimoncello.nl\/it\/passimoncello\/","og_site_name":"Passimoncello","article_publisher":"https:\/\/www.facebook.com\/profile.php?id=100080135461266","article_modified_time":"2026-04-21T09:47:46+00:00","twitter_card":"summary_large_image","schema":{"@context":"https:\/\/schema.org","@graph":[{"@type":"WebPage","@id":"https:\/\/www.passimoncello.nl\/it\/passimoncello\/","url":"https:\/\/www.passimoncello.nl\/it\/passimoncello\/","name":"Passimoncello - Passimoncello","isPartOf":{"@id":"https:\/\/www.passimoncello.nl\/#website"},"datePublished":"2025-10-30T13:13:48+00:00","dateModified":"2026-04-21T09:47:46+00:00","description":"Passimoncello: un liquore al frutto della passione 100% naturale! Delizioso da gustare ghiacciato liscio, in un cocktail tropicale o da provare in uno Spritz!","breadcrumb":{"@id":"https:\/\/www.passimoncello.nl\/it\/passimoncello\/#breadcrumb"},"inLanguage":"it-IT","potentialAction":[{"@type":"ReadAction","target":["https:\/\/www.passimoncello.nl\/it\/passimoncello\/"]}]},{"@type":"BreadcrumbList","@id":"https:\/\/www.passimoncello.nl\/it\/passimoncello\/#breadcrumb","itemListElement":[{"@type":"ListItem","position":1,"name":"Home","item":"https:\/\/www.passimoncello.nl\/it\/home\/"},{"@type":"ListItem","position":2,"name":"Passimoncello"}]},{"@type":"WebSite","@id":"https:\/\/www.passimoncello.nl\/#website","url":"https:\/\/www.passimoncello.nl\/","name":"Passimoncello","description":"","publisher":{"@id":"https:\/\/www.passimoncello.nl\/#organization"},"potentialAction":[{"@type":"SearchAction","target":{"@type":"EntryPoint","urlTemplate":"https:\/\/www.passimoncello.nl\/?s={search_term_string}"},"query-input":{"@type":"PropertyValueSpecification","valueRequired":true,"valueName":"search_term_string"}}],"inLanguage":"it-IT"},{"@type":"Organization","@id":"https:\/\/www.passimoncello.nl\/#organization","name":"Passimoncello","url":"https:\/\/www.passimoncello.nl\/","logo":{"@type":"ImageObject","inLanguage":"it-IT","@id":"https:\/\/www.passimoncello.nl\/#\/schema\/logo\/image\/","url":"https:\/\/www.passimoncello.nl\/wp-content\/uploads\/2026\/01\/Final-logo-logo.jpg","contentUrl":"https:\/\/www.passimoncello.nl\/wp-content\/uploads\/2026\/01\/Final-logo-logo.jpg","width":668,"height":306,"caption":"Passimoncello"},"image":{"@id":"https:\/\/www.passimoncello.nl\/#\/schema\/logo\/image\/"},"sameAs":["https:\/\/www.facebook.com\/profile.php?id=100080135461266","https:\/\/www.instagram.com\/passimoncello\/","https:\/\/www.tiktok.com\/@passimoncello"]}]}},"_links":{"self":[{"href":"https:\/\/www.passimoncello.nl\/it\/wp-json\/wp\/v2\/pages\/880","targetHints":{"allow":["GET"]}}],"collection":[{"href":"https:\/\/www.passimoncello.nl\/it\/wp-json\/wp\/v2\/pages"}],"about":[{"href":"https:\/\/www.passimoncello.nl\/it\/wp-json\/wp\/v2\/types\/page"}],"author":[{"embeddable":true,"href":"https:\/\/www.passimoncello.nl\/it\/wp-json\/wp\/v2\/users\/1"}],"replies":[{"embeddable":true,"href":"https:\/\/www.passimoncello.nl\/it\/wp-json\/wp\/v2\/comments?post=880"}],"version-history":[{"count":3,"href":"https:\/\/www.passimoncello.nl\/it\/wp-json\/wp\/v2\/pages\/880\/revisions"}],"predecessor-version":[{"id":891,"href":"https:\/\/www.passimoncello.nl\/it\/wp-json\/wp\/v2\/pages\/880\/revisions\/891"}],"wp:attachment":[{"href":"https:\/\/www.passimoncello.nl\/it\/wp-json\/wp\/v2\/media?parent=880"}],"curies":[{"name":"wp","href":"https:\/\/api.w.org\/{rel}","templated":true}]}}