{"id":811,"date":"2025-12-16T10:08:54","date_gmt":"2025-12-16T10:08:54","guid":{"rendered":"https:\/\/www.passimoncello.nl\/condizioni-generali-di-vendita\/"},"modified":"2026-04-21T09:03:28","modified_gmt":"2026-04-21T09:03:28","slug":"condizioni-generali-di-vendita","status":"publish","type":"page","link":"https:\/\/www.passimoncello.nl\/it\/condizioni-generali-di-vendita\/","title":{"rendered":"Condizioni generali di vendita"},"content":{"rendered":"<section class=\"editor std-padding\">\n\t<grid class=\"boxed\">\n\t\t<grid class=\"text-box autop\">\n            <h1 class=\"font-heading\">Condizioni generali di vendita<\/h1>\n\t\t\t<p>Condizioni generali di vendita Passimoncello<br \/>\nE-mail: Info@Passimoncello.nl<br \/>\nSito web: www.Passimoncello.nl<\/p>\n<p>Definizioni<\/p>\n<p>1. Passimoncello B.V., con sede a Eindhoven, iscritta alla Camera di Commercio (KvK) con il numero 91501091.<br \/>\n2. Cliente: la persona fisica o giuridica con cui Passimoncello ha stipulato un accordo.<br \/>\n3. Parti: Passimoncello e il cliente congiuntamente.<br \/>\n4. Consumatore: un cliente che \u00e8 anche una persona fisica e che agisce per scopi privati.<\/p>\n<p>Applicabilit\u00e0 delle Condizioni Generali<\/p>\n<p>1. Le presenti condizioni si applicano a tutte le offerte, proposte, attivit\u00e0, ordini, contratti e forniture di servizi o prodotti da parte o per conto di Passimoncello.<br \/>\n2. Le parti possono derogare alle presenti condizioni esclusivamente se ci\u00f2 \u00e8 stato espressamente concordato per iscritto.<br \/>\n3. Le parti escludono espressamente l\u2019applicabilit\u00e0 di eventuali condizioni generali aggiuntive e\/o divergenti del cliente o di terzi.<\/p>\n<p>Prezzi<\/p>\n<p>1. Tutti i prezzi applicati da Passimoncello sono espressi in euro, sono esclusi di IVA e di eventuali altri costi come spese amministrative, imposte e costi di viaggio, spedizione o trasporto, salvo diversa indicazione o accordo esplicito.<br \/>\n2. Tutti i prezzi applicati da Passimoncello per i suoi prodotti, sul suo sito web o altrimenti comunicati, possono essere modificati in qualsiasi momento.<br \/>\n3. Aumenti dei costi dei prodotti o di parti di essi, che Passimoncello non poteva prevedere al momento dell\u2019offerta o della conclusione del contratto, possono comportare aumenti dei prezzi.<br \/>\n4. Il consumatore ha il diritto di recedere dal contratto a seguito di un aumento di prezzo come indicato al punto 3, salvo che tale aumento sia dovuto a disposizioni di legge.<\/p>\n<p>Campioni e modelli<\/p>\n<p>Se il cliente ha ricevuto un campione o un modello di un prodotto, non pu\u00f2 derivarne altri diritti se non che esso costituisce un\u2019indicazione della natura del prodotto, salvo che le parti abbiano espressamente concordato che i prodotti da fornire siano conformi al campione o al modello.<\/p>\n<p>Pagamenti e termini di pagamento<\/p>\n<p>1. Il cliente deve pagare le fatture a Passimoncello entro 14 giorni dalla data della fattura, salvo diverso accordo tra le parti o diversa indicazione del termine di pagamento sulla fattura.<br \/>\n2. I termini di pagamento sono considerati perentori. Ci\u00f2 significa che, se il cliente non ha versato l\u2019importo dovuto entro l\u2019ultimo giorno del termine di pagamento, \u00e8 automaticamente in mora e inadempiente, senza che Passimoncello debba inviare alcun sollecito o messa in mora.<br \/>\n3. Passimoncello si riserva il diritto di subordinare una consegna al pagamento immediato o di richiedere una garanzia per l\u2019intero importo dei servizi o dei prodotti. <\/p>\n<p>Conseguenze del mancato pagamento nei termini<\/p>\n<p>1. Se il cliente non paga entro il termine concordato, Passimoncello ha il diritto di addebitare gli interessi legali dell\u20198% al mese per le transazioni commerciali a partire dal giorno in cui il cliente \u00e8 in mora, considerando una parte di mese come un mese intero.<br \/>\n2. Quando il cliente \u00e8 in mora, \u00e8 inoltre tenuto a pagare le spese di recupero crediti stragiudiziali e l\u2019eventuale risarcimento danni a Passimoncello.<br \/>\n3. Le spese di recupero crediti sono calcolate in conformit\u00e0 al Decreto relativo al rimborso delle spese di recupero crediti stragiudiziali.<br \/>\n4. In caso di mancato pagamento nei termini, Passimoncello pu\u00f2 sospendere i propri obblighi fino a quando il cliente non avr\u00e0 adempiuto ai propri obblighi di pagamento.<br \/>\n5. In caso di liquidazione, fallimento, pignoramento o concordato preventivo del cliente, i crediti di Passimoncello nei confronti del cliente diventano immediatamente esigibili.<br \/>\n6. Se il cliente rifiuta di collaborare all\u2019esecuzione del contratto da parte di Passimoncello, resta comunque obbligato a pagare il prezzo concordato.<\/p>\n<p>Diritto di rivendicazione<\/p>\n<p>1. Non appena il cliente \u00e8 in mora, Passimoncello ha il diritto di esercitare il diritto di rivendicazione sui prodotti forniti e non pagati.<br \/>\n2. Passimoncello esercita il diritto di rivendicazione mediante comunicazione scritta o elettronica.<br \/>\n3. Non appena il cliente \u00e8 stato informato dell\u2019esercizio del diritto di rivendicazione, \u00e8 tenuto a restituire immediatamente a Passimoncello i prodotti a cui tale diritto si riferisce, salvo diverso accordo tra le parti.<br \/>\n4. I costi per il ritiro o la restituzione dei prodotti sono a carico del cliente.<\/p>\n<p>Diritto di sospensione<\/p>\n<p>Salvo che il cliente sia un consumatore, il cliente rinuncia al diritto di sospendere l\u2019adempimento di qualsiasi obbligazione derivante dal presente contratto.<\/p>\n<p>Diritto di ritenzione<\/p>\n<p>1. Passimoncello pu\u00f2 avvalersi del diritto di ritenzione e, in tal caso, trattenere i beni del cliente fino a quando quest\u2019ultimo non avr\u00e0 saldato tutte le fatture in sospeso nei confronti di Passimoncello, salvo che il cliente abbia fornito adeguata garanzia per tali importi.<br \/>\n2. Il diritto di ritenzione si applica anche in relazione a precedenti contratti dai quali il cliente risulti ancora debitore nei confronti di Passimoncello.<br \/>\n3. Passimoncello non \u00e8 mai responsabile per eventuali danni che il cliente possa subire a seguito dell\u2019esercizio del diritto di ritenzione.<\/p>\n<p>Compensazione<\/p>\n<p>Salvo che il cliente sia un consumatore, il cliente rinuncia al diritto di compensare un debito nei confronti di Passimoncello con un credito vantato verso Passimoncello.<\/p>\n<p>Riserva di propriet\u00e0<\/p>\n<p>1. Passimoncello rimane proprietaria di tutti i prodotti consegnati fino a quando il cliente non abbia adempiuto integralmente a tutti i suoi obblighi di pagamento nei confronti di Passimoncello, derivanti da qualsiasi contratto concluso con Passimoncello, inclusi i crediti relativi a eventuali inadempimenti.<br \/>\n2. Fino a quel momento, Passimoncello pu\u00f2 avvalersi della riserva di propriet\u00e0 e riprendere possesso dei beni.<br \/>\n3. Prima che la propriet\u00e0 sia trasferita al cliente, quest\u2019ultimo non pu\u00f2 impegnare, vendere, alienare o gravare in alcun modo i prodotti.<br \/>\n4. Qualora Passimoncello eserciti la riserva di propriet\u00e0, il contratto si considera risolto e Passimoncello ha il diritto di richiedere il risarcimento dei danni, il mancato guadagno e gli interessi.<\/p>\n<p>Consegna<\/p>\n<p>1. La consegna avviene fino ad esaurimento scorte.<br \/>\n2. La consegna avviene presso Passimoncello, salvo diverso accordo tra le parti.<br \/>\n3. La consegna dei prodotti ordinati online avviene all\u2019indirizzo indicato dal cliente.<br \/>\n4. Qualora gli importi concordati non siano pagati o non siano pagati puntualmente, Passimoncello ha il diritto di sospendere i propri obblighi fino a quando la parte dovuta non sia stata comunque saldata.<br \/>\n5. In caso di ritardo nel pagamento, si configura una mora del creditore, con la conseguenza che il cliente non pu\u00f2 imputare a Passimoncello un eventuale ritardo nella consegna.<\/p>\n<p>Tempi di consegna<\/p>\n<p>1. I tempi di consegna indicati da Passimoncello sono indicativi e il loro eventuale superamento non d\u00e0 diritto al cliente di risolvere il contratto o richiedere un risarcimento, salvo diverso accordo espresso e scritto tra le parti.<br \/>\n2. Il termine di consegna decorre dal momento in cui il cliente ha completato integralmente il processo di ordine (elettronico) e ha ricevuto una conferma (elettronica) da parte di Passimoncello.<br \/>\n3. Il superamento del termine di consegna indicato non d\u00e0 diritto al cliente a un risarcimento n\u00e9 alla risoluzione del contratto, salvo che Passimoncello non sia in grado di effettuare la consegna entro 14 giorni dopo essere stata formalmente messa in mora per iscritto, o salvo diverso accordo tra le parti.<br \/>\nConsegna effettiva<br \/>\nIl cliente deve garantire che la consegna effettiva dei prodotti ordinati possa avvenire tempestivamente.<\/p>\n<p>Costi di trasporto<\/p>\n<p>I costi di trasporto sono a carico del cliente, salvo diverso accordo tra le parti.<\/p>\n<p>Imballaggio e spedizione<\/p>\n<p>1. Qualora l\u2019imballaggio di un prodotto consegnato risulti aperto o danneggiato, il cliente deve farne annotare la circostanza allo spedizioniere o al corriere prima di accettare la consegna; in mancanza di tale annotazione, Passimoncello non potr\u00e0 essere ritenuta responsabile per eventuali danni.<br \/>\n2. Qualora il cliente provveda autonomamente al trasporto di un prodotto, \u00e8 tenuto a segnalare a Passimoncello eventuali danni visibili ai prodotti o all\u2019imballaggio prima del trasporto; in mancanza di tale segnalazione, Passimoncello non potr\u00e0 essere ritenuta responsabile per eventuali danni.<\/p>\n<p>Deposito e custodia<\/p>\n<p>1. Qualora il cliente ritiri i prodotti ordinati in un momento successivo alla data di consegna concordata, il rischio di un eventuale deterioramento della qualit\u00e0 \u00e8 interamente a carico del cliente.<br \/>\n2. Eventuali costi aggiuntivi derivanti da un ritiro anticipato o tardivo dei prodotti sono interamente a carico del cliente.<\/p>\n<p>Garanzia<\/p>\n<p>1. La garanzia relativa ai prodotti si applica esclusivamente ai difetti causati da vizi di fabbricazione, costruzione o materiali.<br \/>\n2. La garanzia non si applica in caso di normale usura n\u00e9 ai danni derivanti da incidenti, modifiche apportate al prodotto, negligenza o uso improprio da parte del cliente, nonch\u00e9 quando la causa del difetto non possa essere chiaramente determinata.<br \/>\n3. Il rischio di perdita, danneggiamento o furto dei prodotti oggetto di un contratto tra le parti passa al cliente nel momento in cui questi vengono consegnati giuridicamente e\/o di fatto, ovvero quando entrano nella disponibilit\u00e0 del cliente o di un terzo che riceve il prodotto per conto del cliente.<\/p>\n<p>Manleva<\/p>\n<p>Il cliente manleva Passimoncello da qualsiasi pretesa di terzi connessa ai prodotti e\/o servizi forniti da Passimoncello.<\/p>\n<p>Reclami<\/p>\n<p>1. Il cliente deve verificare il prima possibile se il prodotto fornito o il servizio prestato da Passimoncello presenta eventuali difetti o non conformit\u00e0.<br \/>\n2. Qualora un prodotto fornito o un servizio prestato non sia conforme a quanto il cliente poteva ragionevolmente aspettarsi dal contratto, il cliente deve informare Passimoncello nel pi\u00f9 breve tempo possibile e comunque entro 1 mese dalla scoperta del difetto.<br \/>\n3. I consumatori devono informare Passimoncello entro e non oltre 2 mesi dalla scoperta del difetto.<br \/>\n4. Il cliente deve fornire una descrizione il pi\u00f9 dettagliata possibile della non conformit\u00e0, in modo che Passimoncello possa reagire in modo adeguato.<br \/>\n5. Il cliente deve dimostrare che il reclamo si riferisce a un contratto tra le parti.<br \/>\n6. Qualora un reclamo riguardi attivit\u00e0 in corso, ci\u00f2 non pu\u00f2 in alcun caso comportare l\u2019obbligo per Passimoncello di eseguire prestazioni diverse da quelle concordate.<\/p>\n<p>Messa in mora<\/p>\n<p>1. Il cliente deve comunicare la messa in mora a Passimoncello per iscritto.<br \/>\n2. \u00c8 responsabilit\u00e0 del cliente assicurarsi che la messa in mora pervenga effettivamente (e tempestivamente) a Passimoncello.<\/p>\n<p>Responsabilit\u00e0 solidale del cliente<\/p>\n<p>Qualora Passimoncello concluda un contratto con pi\u00f9 clienti, ciascuno di essi \u00e8 responsabile in solido per l\u2019intero importo dovuto a Passimoncello in base a tale contratto.<\/p>\n<p>Responsabilit\u00e0 di Passimoncello<\/p>\n<p>1. Passimoncello \u00e8 responsabile esclusivamente per eventuali danni subiti dal cliente se e nella misura in cui tali danni siano causati da dolo o colpa grave.<br \/>\n2. Qualora Passimoncello sia responsabile per un danno, essa \u00e8 responsabile unicamente per i danni diretti derivanti da o connessi all\u2019esecuzione di un contratto.<br \/>\n3. Passimoncello non \u00e8 mai responsabile per danni indiretti, quali danni consequenziali, perdita di profitto, mancati risparmi o danni a terzi.<br \/>\n4. Qualora Passimoncello sia responsabile, tale responsabilit\u00e0 \u00e8 limitata all\u2019importo liquidato da una polizza assicurativa per la responsabilit\u00e0 (professionale) e, in mancanza di (completa) liquidazione da parte della compagnia assicurativa, la responsabilit\u00e0 \u00e8 limitata all\u2019importo (o alla parte di esso) della fattura cui si riferisce la responsabilit\u00e0.<br \/>\n5. Tutte le immagini, foto, colori, disegni e descrizioni presenti sul sito web o in un catalogo sono puramente indicativi e approssimativi e non possono costituire motivo di risarcimento e\/o di risoluzione (parziale) del contratto e\/o di sospensione di qualsiasi obbligo.<\/p>\n<p>Termine di decadenza<\/p>\n<p>Qualsiasi diritto del cliente al risarcimento dei danni nei confronti di Passimoncello si estingue in ogni caso dopo 12 mesi dall\u2019evento da cui la responsabilit\u00e0 deriva direttamente o indirettamente. Resta fermo quanto previsto dall\u2019articolo 6:89 del Codice Civile olandese. <\/p>\n<p>Diritto di risoluzione<\/p>\n<p>1. Il cliente ha il diritto di risolvere il contratto qualora Passimoncello sia imputabilmente inadempiente nell\u2019adempimento delle proprie obbligazioni, salvo che tale inadempimento, per la sua particolare natura o per la sua scarsa rilevanza, non giustifichi la risoluzione.<br \/>\n2. Qualora l\u2019adempimento delle obbligazioni da parte di Passimoncello non sia definitivamente o temporaneamente impossibile, la risoluzione pu\u00f2 avvenire solo dopo che Passimoncello sia stata costituita in mora.<br \/>\n3. Passimoncello ha il diritto di risolvere il contratto con il cliente qualora quest\u2019ultimo non adempia pienamente o tempestivamente alle proprie obbligazioni contrattuali, oppure qualora Passimoncello venga a conoscenza di circostanze che facciano ragionevolmente temere che il cliente non sar\u00e0 in grado di adempiere correttamente alle proprie obbligazioni.<\/p>\n<p>Forza maggiore<\/p>\n<p>1. In aggiunta a quanto previsto dall\u2019articolo 6:75 del Codice Civile olandese, un inadempimento da parte di Passimoncello nell\u2019adempimento di qualsiasi obbligazione nei confronti del cliente non \u00e8 imputabile a Passimoncello in presenza di una situazione indipendente dalla sua volont\u00e0, che impedisca totalmente o parzialmente l\u2019adempimento delle sue obbligazioni nei confronti del cliente, o renda tale adempimento ragionevolmente non esigibile da Passimoncello.<br \/>\n2. Tra le situazioni di forza maggiore di cui al comma 1 rientrano, a titolo esemplificativo e non esaustivo: stati di emergenza (quali guerra civile, insurrezioni, disordini, calamit\u00e0 naturali, ecc.); inadempimenti e forza maggiore da parte di fornitori, corrieri o altri terzi; interruzioni impreviste di energia elettrica, internet, sistemi informatici e telecomunicazioni; virus informatici, scioperi, misure governative, problemi di trasporto imprevisti, condizioni meteorologiche avverse e interruzioni dell\u2019attivit\u00e0 lavorativa.<br \/>\n3. Qualora si verifichi una situazione di forza maggiore che impedisca a Passimoncello di adempiere a una o pi\u00f9 obbligazioni nei confronti del cliente, tali obbligazioni saranno sospese fino a quando Passimoncello sar\u00e0 nuovamente in grado di adempierle.<br \/>\n4. A partire dal momento in cui una situazione di forza maggiore sia durata almeno 30 giorni di calendario, entrambe le parti possono risolvere il contratto, in tutto o in parte, mediante comunicazione scritta.<br \/>\n5. In caso di forza maggiore, Passimoncello non \u00e8 tenuta ad alcun risarcimento (dei danni), anche qualora tragga un qualsiasi vantaggio dalla situazione di forza maggiore.<\/p>\n<p>Modifica del contratto<\/p>\n<p>1. Qualora, dopo la conclusione del contratto, risulti necessario modificarne o integrarne il contenuto per la sua esecuzione, le parti adegueranno tempestivamente il contratto di comune accordo.<br \/>\n2. Il comma precedente non si applica ai prodotti acquistati in un negozio fisico.<\/p>\n<p>Modifica delle condizioni generali<\/p>\n<p>1. Passimoncello ha il diritto di modificare o integrare le presenti condizioni generali.<br \/>\n2. Modifiche di lieve entit\u00e0 possono essere apportate in qualsiasi momento.<br \/>\n3. Modifiche sostanziali saranno, per quanto possibile, discusse preventivamente con il cliente.<br \/>\n4. I consumatori hanno il diritto di recedere dal contratto in caso di modifiche sostanziali delle condizioni generali.<\/p>\n<p>Overgang van rechten<\/p>\n<p>1. I diritti del cliente derivanti da un contratto tra le parti non possono essere trasferiti a terzi senza il previo consenso scritto di Passimoncello.<br \/>\n2. La presente disposizione costituisce una clausola con effetto reale ai sensi dell\u2019articolo 3:83, comma 2, del Codice Civile olandese.<\/p>\n<p>Conseguenze della nullit\u00e0 o annullabilit\u00e0<\/p>\n<p>1. Qualora una o pi\u00f9 disposizioni delle presenti condizioni generali risultino nulle o annullabili, ci\u00f2 non pregiudica la validit\u00e0 delle restanti disposizioni.<br \/>\n2. In tal caso, la disposizione nulla o annullabile sar\u00e0 sostituita da una disposizione che si avvicini il pi\u00f9 possibile a quanto Passimoncello intendeva stabilire al momento della redazione delle condizioni su tale punto.<\/p>\n<p>Legge applicabile e foro competente<\/p>\n<p>1. A ogni contratto tra le parti si applica esclusivamente il diritto olandese.<br \/>\n2. Il giudice olandese del distretto in cui Passimoncello ha la propria sede \/ esercita la propria attivit\u00e0 \/ ha il proprio ufficio \u00e8 competente in via esclusiva a conoscere di eventuali controversie tra le parti, salvo diversa disposizione inderogabile di legge.<\/p>\n<p>Redatto il 1\u00b0 ottobre 2022.<\/p>\n\t\t<\/grid>\n\t<\/grid>\n<\/section>","protected":false},"excerpt":{"rendered":"","protected":false},"author":1,"featured_media":0,"parent":0,"menu_order":0,"comment_status":"closed","ping_status":"closed","template":"","meta":{"_acf_changed":false,"footnotes":""},"class_list":["post-811","page","type-page","status-publish","hentry"],"acf":[],"yoast_head":"<!-- This site is optimized with the Yoast SEO plugin v27.4 - https:\/\/yoast.com\/product\/yoast-seo-wordpress\/ -->\n<title>Condizioni generali di vendita - Passimoncello<\/title>\n<meta name=\"robots\" content=\"index, follow, max-snippet:-1, max-image-preview:large, max-video-preview:-1\" \/>\n<link rel=\"canonical\" href=\"https:\/\/www.passimoncello.nl\/it\/condizioni-generali-di-vendita\/\" \/>\n<meta property=\"og:locale\" content=\"it_IT\" \/>\n<meta property=\"og:type\" content=\"article\" \/>\n<meta property=\"og:title\" content=\"Condizioni generali di vendita - Passimoncello\" \/>\n<meta property=\"og:url\" content=\"https:\/\/www.passimoncello.nl\/it\/condizioni-generali-di-vendita\/\" \/>\n<meta property=\"og:site_name\" content=\"Passimoncello\" \/>\n<meta property=\"article:publisher\" content=\"https:\/\/www.facebook.com\/profile.php?id=100080135461266\" \/>\n<meta property=\"article:modified_time\" content=\"2026-04-21T09:03:28+00:00\" \/>\n<meta name=\"twitter:card\" content=\"summary_large_image\" \/>\n<script type=\"application\/ld+json\" class=\"yoast-schema-graph\">{\"@context\":\"https:\\\/\\\/schema.org\",\"@graph\":[{\"@type\":\"WebPage\",\"@id\":\"https:\\\/\\\/www.passimoncello.nl\\\/it\\\/condizioni-generali-di-vendita\\\/\",\"url\":\"https:\\\/\\\/www.passimoncello.nl\\\/it\\\/condizioni-generali-di-vendita\\\/\",\"name\":\"Condizioni generali di vendita - Passimoncello\",\"isPartOf\":{\"@id\":\"https:\\\/\\\/www.passimoncello.nl\\\/#website\"},\"datePublished\":\"2025-12-16T10:08:54+00:00\",\"dateModified\":\"2026-04-21T09:03:28+00:00\",\"breadcrumb\":{\"@id\":\"https:\\\/\\\/www.passimoncello.nl\\\/it\\\/condizioni-generali-di-vendita\\\/#breadcrumb\"},\"inLanguage\":\"it-IT\",\"potentialAction\":[{\"@type\":\"ReadAction\",\"target\":[\"https:\\\/\\\/www.passimoncello.nl\\\/it\\\/condizioni-generali-di-vendita\\\/\"]}]},{\"@type\":\"BreadcrumbList\",\"@id\":\"https:\\\/\\\/www.passimoncello.nl\\\/it\\\/condizioni-generali-di-vendita\\\/#breadcrumb\",\"itemListElement\":[{\"@type\":\"ListItem\",\"position\":1,\"name\":\"Home\",\"item\":\"https:\\\/\\\/www.passimoncello.nl\\\/it\\\/home\\\/\"},{\"@type\":\"ListItem\",\"position\":2,\"name\":\"Condizioni generali di vendita\"}]},{\"@type\":\"WebSite\",\"@id\":\"https:\\\/\\\/www.passimoncello.nl\\\/#website\",\"url\":\"https:\\\/\\\/www.passimoncello.nl\\\/\",\"name\":\"Passimoncello\",\"description\":\"\",\"publisher\":{\"@id\":\"https:\\\/\\\/www.passimoncello.nl\\\/#organization\"},\"potentialAction\":[{\"@type\":\"SearchAction\",\"target\":{\"@type\":\"EntryPoint\",\"urlTemplate\":\"https:\\\/\\\/www.passimoncello.nl\\\/?s={search_term_string}\"},\"query-input\":{\"@type\":\"PropertyValueSpecification\",\"valueRequired\":true,\"valueName\":\"search_term_string\"}}],\"inLanguage\":\"it-IT\"},{\"@type\":\"Organization\",\"@id\":\"https:\\\/\\\/www.passimoncello.nl\\\/#organization\",\"name\":\"Passimoncello\",\"url\":\"https:\\\/\\\/www.passimoncello.nl\\\/\",\"logo\":{\"@type\":\"ImageObject\",\"inLanguage\":\"it-IT\",\"@id\":\"https:\\\/\\\/www.passimoncello.nl\\\/#\\\/schema\\\/logo\\\/image\\\/\",\"url\":\"https:\\\/\\\/www.passimoncello.nl\\\/wp-content\\\/uploads\\\/2026\\\/01\\\/Final-logo-logo.jpg\",\"contentUrl\":\"https:\\\/\\\/www.passimoncello.nl\\\/wp-content\\\/uploads\\\/2026\\\/01\\\/Final-logo-logo.jpg\",\"width\":668,\"height\":306,\"caption\":\"Passimoncello\"},\"image\":{\"@id\":\"https:\\\/\\\/www.passimoncello.nl\\\/#\\\/schema\\\/logo\\\/image\\\/\"},\"sameAs\":[\"https:\\\/\\\/www.facebook.com\\\/profile.php?id=100080135461266\",\"https:\\\/\\\/www.instagram.com\\\/passimoncello\\\/\",\"https:\\\/\\\/www.tiktok.com\\\/@passimoncello\"]}]}<\/script>\n<!-- \/ Yoast SEO plugin. -->","yoast_head_json":{"title":"Condizioni generali di vendita - Passimoncello","robots":{"index":"index","follow":"follow","max-snippet":"max-snippet:-1","max-image-preview":"max-image-preview:large","max-video-preview":"max-video-preview:-1"},"canonical":"https:\/\/www.passimoncello.nl\/it\/condizioni-generali-di-vendita\/","og_locale":"it_IT","og_type":"article","og_title":"Condizioni generali di vendita - Passimoncello","og_url":"https:\/\/www.passimoncello.nl\/it\/condizioni-generali-di-vendita\/","og_site_name":"Passimoncello","article_publisher":"https:\/\/www.facebook.com\/profile.php?id=100080135461266","article_modified_time":"2026-04-21T09:03:28+00:00","twitter_card":"summary_large_image","schema":{"@context":"https:\/\/schema.org","@graph":[{"@type":"WebPage","@id":"https:\/\/www.passimoncello.nl\/it\/condizioni-generali-di-vendita\/","url":"https:\/\/www.passimoncello.nl\/it\/condizioni-generali-di-vendita\/","name":"Condizioni generali di vendita - Passimoncello","isPartOf":{"@id":"https:\/\/www.passimoncello.nl\/#website"},"datePublished":"2025-12-16T10:08:54+00:00","dateModified":"2026-04-21T09:03:28+00:00","breadcrumb":{"@id":"https:\/\/www.passimoncello.nl\/it\/condizioni-generali-di-vendita\/#breadcrumb"},"inLanguage":"it-IT","potentialAction":[{"@type":"ReadAction","target":["https:\/\/www.passimoncello.nl\/it\/condizioni-generali-di-vendita\/"]}]},{"@type":"BreadcrumbList","@id":"https:\/\/www.passimoncello.nl\/it\/condizioni-generali-di-vendita\/#breadcrumb","itemListElement":[{"@type":"ListItem","position":1,"name":"Home","item":"https:\/\/www.passimoncello.nl\/it\/home\/"},{"@type":"ListItem","position":2,"name":"Condizioni generali di vendita"}]},{"@type":"WebSite","@id":"https:\/\/www.passimoncello.nl\/#website","url":"https:\/\/www.passimoncello.nl\/","name":"Passimoncello","description":"","publisher":{"@id":"https:\/\/www.passimoncello.nl\/#organization"},"potentialAction":[{"@type":"SearchAction","target":{"@type":"EntryPoint","urlTemplate":"https:\/\/www.passimoncello.nl\/?s={search_term_string}"},"query-input":{"@type":"PropertyValueSpecification","valueRequired":true,"valueName":"search_term_string"}}],"inLanguage":"it-IT"},{"@type":"Organization","@id":"https:\/\/www.passimoncello.nl\/#organization","name":"Passimoncello","url":"https:\/\/www.passimoncello.nl\/","logo":{"@type":"ImageObject","inLanguage":"it-IT","@id":"https:\/\/www.passimoncello.nl\/#\/schema\/logo\/image\/","url":"https:\/\/www.passimoncello.nl\/wp-content\/uploads\/2026\/01\/Final-logo-logo.jpg","contentUrl":"https:\/\/www.passimoncello.nl\/wp-content\/uploads\/2026\/01\/Final-logo-logo.jpg","width":668,"height":306,"caption":"Passimoncello"},"image":{"@id":"https:\/\/www.passimoncello.nl\/#\/schema\/logo\/image\/"},"sameAs":["https:\/\/www.facebook.com\/profile.php?id=100080135461266","https:\/\/www.instagram.com\/passimoncello\/","https:\/\/www.tiktok.com\/@passimoncello"]}]}},"_links":{"self":[{"href":"https:\/\/www.passimoncello.nl\/it\/wp-json\/wp\/v2\/pages\/811","targetHints":{"allow":["GET"]}}],"collection":[{"href":"https:\/\/www.passimoncello.nl\/it\/wp-json\/wp\/v2\/pages"}],"about":[{"href":"https:\/\/www.passimoncello.nl\/it\/wp-json\/wp\/v2\/types\/page"}],"author":[{"embeddable":true,"href":"https:\/\/www.passimoncello.nl\/it\/wp-json\/wp\/v2\/users\/1"}],"replies":[{"embeddable":true,"href":"https:\/\/www.passimoncello.nl\/it\/wp-json\/wp\/v2\/comments?post=811"}],"version-history":[{"count":3,"href":"https:\/\/www.passimoncello.nl\/it\/wp-json\/wp\/v2\/pages\/811\/revisions"}],"predecessor-version":[{"id":814,"href":"https:\/\/www.passimoncello.nl\/it\/wp-json\/wp\/v2\/pages\/811\/revisions\/814"}],"wp:attachment":[{"href":"https:\/\/www.passimoncello.nl\/it\/wp-json\/wp\/v2\/media?parent=811"}],"curies":[{"name":"wp","href":"https:\/\/api.w.org\/{rel}","templated":true}]}}