{"id":892,"date":"2025-12-16T10:20:20","date_gmt":"2025-12-16T10:20:20","guid":{"rendered":"https:\/\/www.passimoncello.nl\/politica-de-privacidad\/"},"modified":"2026-04-21T12:39:09","modified_gmt":"2026-04-21T12:39:09","slug":"politica-de-privacidad","status":"publish","type":"page","link":"https:\/\/www.passimoncello.nl\/es\/politica-de-privacidad\/","title":{"rendered":"Pol\u00edtica de privacidad"},"content":{"rendered":"<section class=\"editor std-padding\">\n\t<grid class=\"boxed\">\n\t\t<grid class=\"text-box autop\">\n            <h1 class=\"font-heading\">Pol\u00edtica de privacidad<\/h1>\n\t\t\t<p>DECLARACI\u00d3N DE PRIVACIDAD<\/p>\n<p><\/p>\n<p>Passimoncello respeta la privacidad de los visitantes del Sitio web, en particular los derechos de los visitantes en relaci\u00f3n con el tratamiento automatizado de datos personales. Por ello, y en aras de una total transparencia con nuestros clientes, hemos formulado e implementado una pol\u00edtica relativa a dichos tratamientos, su finalidad, as\u00ed como las posibilidades de los interesados para ejercer sus derechos de la mejor manera posible.<\/p>\n<p>Para obtener m\u00e1s informaci\u00f3n sobre la protecci\u00f3n de datos personales, puede visitar el sitio web de la Autoridad de Protecci\u00f3n de Datos de los Pa\u00edses Bajos: https:\/\/autoriteitpersoonsgegevens.nl\/nl.<\/p>\n<p>Mientras no haya aceptado en el sitio web el uso de cookies y otros sistemas de seguimiento, no colocaremos cookies anal\u00edticas no anonimizadas ni cookies de seguimiento en su ordenador, tel\u00e9fono m\u00f3vil o tableta.<br \/>\nAl continuar visitando el Sitio web, usted acepta las siguientes condiciones de uso.<\/p>\n<p>La versi\u00f3n actual de la declaraci\u00f3n de privacidad disponible en el Sitio web es la \u00fanica aplicable mientras usted visite el Sitio web, hasta que una nueva versi\u00f3n sustituya a la actual.<\/p>\n<p>Art\u00edculo 1 &#8211; Disposiciones legales<br \/>\n1. Sitio web (en adelante tambi\u00e9n \u201cel Sitio web\u201d): www.Passimoncello.nl<\/p>\n<p>2. Responsable del tratamiento de datos personales (en adelante tambi\u00e9n: \u201cel Responsable\u201d): Passimoncello, con domicilio en Amer 39, 5422VP Gemert, n\u00famero de registro en la C\u00e1mara de Comercio (KvK): 81968450.<\/p>\n<p>Art\u00edculo 2 &#8211; Acceso al Sitio web<\/p>\n<p>El acceso al Sitio web y su uso son estrictamente personales. Usted no utilizar\u00e1 este Sitio web ni los datos e informaci\u00f3n que en \u00e9l se proporcionan con fines comerciales, pol\u00edticos o publicitarios, ni para realizar ofertas comerciales de ning\u00fan tipo y, en particular, no los utilizar\u00e1 para el env\u00edo de comunicaciones electr\u00f3nicas no solicitadas. <\/p>\n<p>Art\u00edculo 3 &#8211; El contenido del Sitio web<\/p>\n<p>Todas las marcas, im\u00e1genes, textos, comentarios, ilustraciones, im\u00e1genes (animadas), v\u00eddeos, sonidos, as\u00ed como todas las aplicaciones t\u00e9cnicas que pueden utilizarse para el funcionamiento del Sitio web y, en general, todos los elementos utilizados en este sitio, est\u00e1n protegidos por la ley en materia de derechos de propiedad intelectual. Cualquier reproducci\u00f3n, repetici\u00f3n, uso o adaptaci\u00f3n, de cualquier forma, de la totalidad o de parte de los mismos, incluidas las aplicaciones t\u00e9cnicas, sin la autorizaci\u00f3n previa y por escrito del Responsable, est\u00e1 estrictamente prohibida. El hecho de que el Responsable no act\u00fae de inmediato frente a cualquier infracci\u00f3n no podr\u00e1 interpretarse como un consentimiento t\u00e1cito ni como una renuncia a ejercer acciones legales.  <\/p>\n<p>Art\u00edculo 4 &#8211; La gesti\u00f3n del Sitio web<\/p>\n<p>Para la correcta gesti\u00f3n del Sitio web, el Responsable podr\u00e1 en cualquier momento:<\/p>\n<p>&#8211; suspender, interrumpir o limitar el acceso a la totalidad o a una parte del Sitio web a una determinada categor\u00eda de visitantes<\/p>\n<p>&#8211; eliminar toda informaci\u00f3n que pueda perturbar el funcionamiento del Sitio web o que sea contraria a la legislaci\u00f3n nacional o internacional, o a la etiqueta en Internet<\/p>\n<p>&#8211; hacer que el Sitio web no est\u00e9 disponible temporalmente con el fin de realizar actualizaciones<\/p>\n<p>Art\u00edculo 5 &#8211; Responsabilidades<\/p>\n<p>El Responsable no ser\u00e1 en ning\u00fan caso responsable de fallos, aver\u00edas, dificultades o interrupciones en el funcionamiento del Sitio web que impidan el acceso al mismo o a cualquiera de sus funcionalidades. La forma en que usted se conecta al Sitio web es de su exclusiva responsabilidad. Usted deber\u00e1 adoptar todas las medidas adecuadas para proteger su equipo y sus datos contra, entre otros, ataques de virus en Internet. Asimismo, usted es el \u00fanico responsable de los sitios web y de los datos que consulte en Internet.   <\/p>\n<p>El Responsable no ser\u00e1 responsable de los procedimientos legales que se interpongan en su contra<\/p>\n<p>&#8211; debido al uso del Sitio web o de los servicios accesibles a trav\u00e9s de Internet<br \/>\n&#8211; debido al incumplimiento de las condiciones de la presente pol\u00edtica de privacidad<\/p>\n<p>El Responsable no ser\u00e1 responsable de ning\u00fan da\u00f1o que usted, terceros o su equipo sufran como consecuencia de su conexi\u00f3n con el Sitio web o de su uso. Usted se abstendr\u00e1 de emprender cualquier acci\u00f3n contra el Responsable como consecuencia de ello. <\/p>\n<p>Si el Responsable se viera implicado en un litigio como consecuencia de su uso de este Sitio web, tendr\u00e1 derecho a reclamarle todos los da\u00f1os y perjuicios que sufra o pudiera sufrir como resultado de ello.<\/p>\n<p>Art\u00edculo 6 &#8211; La recogida de datos<\/p>\n<p>Sus datos son recopilados por Passimoncello. Por datos personales se entiende toda informaci\u00f3n sobre una persona f\u00edsica identificada o identificable; se considera identificable a una persona f\u00edsica que pueda ser identificada, directa o indirectamente, en particular mediante un identificador como un nombre, un n\u00famero de identificaci\u00f3n, datos de localizaci\u00f3n, un identificador en l\u00ednea o uno o varios elementos propios de la identidad f\u00edsica, fisiol\u00f3gica, gen\u00e9tica, ps\u00edquica, econ\u00f3mica, cultural o social. <\/p>\n<p>Los datos personales recopilados en el Sitio web se utilizan principalmente por el Responsable para mantener la relaci\u00f3n con usted y, en su caso, para la gesti\u00f3n de sus pedidos.<\/p>\n<p>Art\u00edculo 7 &#8211; Sus derechos en relaci\u00f3n con sus datos<\/p>\n<p>De conformidad con el art\u00edculo 13, apartado 2, letra b del RGPD, toda persona tiene derecho a acceder a sus datos personales y a solicitar su rectificaci\u00f3n o supresi\u00f3n, o la limitaci\u00f3n de su tratamiento, as\u00ed como a oponerse al tratamiento y a la portabilidad de los datos. Puede ejercer estos derechos poni\u00e9ndose en contacto con nosotros a trav\u00e9s de Info@passimoncello.nl. <\/p>\n<p>Toda solicitud deber\u00e1 ir acompa\u00f1ada de una copia de un documento de identidad v\u00e1lido, en el que conste su firma, e indicar la direcci\u00f3n en la que se pueda contactar con usted. Recibir\u00e1 una respuesta a su solicitud en el plazo de 1 mes desde su presentaci\u00f3n. En funci\u00f3n de la complejidad y del n\u00famero de solicitudes, este plazo podr\u00e1 ampliarse, si fuera necesario, en 2 meses adicionales. <\/p>\n<p>Art\u00edculo 8 &#8211; Tratamiento de datos personales<\/p>\n<p>En caso de infracci\u00f3n de cualquier ley o normativa, de la que se sospeche al visitante y para la cual las autoridades necesiten datos personales recopilados por el Responsable, dichos datos ser\u00e1n facilitados a las autoridades tras una solicitud expresa y motivada por parte de estas, quedando dichos datos personales, en consecuencia, fuera del \u00e1mbito de protecci\u00f3n de las disposiciones de la presente declaraci\u00f3n de privacidad.<\/p>\n<p>Si determinada informaci\u00f3n es necesaria para acceder a ciertas funcionalidades del Sitio web, el Responsable indicar\u00e1 el car\u00e1cter obligatorio de dicha informaci\u00f3n en el momento de solicitar los datos.<\/p>\n<p>Art\u00edculo 9 &#8211; Ofertas comerciales<\/p>\n<p>Usted podr\u00e1 recibir ofertas comerciales por parte del Responsable. Si no desea (o ya no desea) recibirlas, env\u00ede un correo electr\u00f3nico a la siguiente direcci\u00f3n: Info@passimoncello.nl.<\/p>\n<p>Si durante su visita al Sitio web encuentra datos personales, deber\u00e1 abstenerse de recopilarlos o de cualquier otro uso no autorizado, as\u00ed como de cualquier acto que suponga una vulneraci\u00f3n de la privacidad de dicha(s) persona(s). El Responsable no ser\u00e1 en ning\u00fan caso responsable en las situaciones anteriormente mencionadas. <\/p>\n<p>Art\u00edculo 10 &#8211; Plazo de conservaci\u00f3n de los datos<\/p>\n<p>Los datos recopilados por el Responsable del Sitio web se utilizar\u00e1n y conservar\u00e1n durante el per\u00edodo establecido por la ley.<\/p>\n<p>Art\u00edculo 11 &#8211; Cookies<\/p>\n<p>1. Una cookie es un peque\u00f1o archivo de texto que se almacena en el disco duro de su ordenador al visitar nuestro Sitio web. Una cookie contiene datos que permiten reconocerle como visitante en cada visita a nuestro Sitio web. De este modo, es posible adaptar nuestro Sitio web a sus preferencias y facilitar el inicio de sesi\u00f3n. <\/p>\n<p>2. Utilizamos los siguientes tipos de cookies en nuestro Sitio web:<br \/>\n&#8211; Cookies funcionales: como cookies de sesi\u00f3n y de inicio de sesi\u00f3n para almacenar informaci\u00f3n de sesi\u00f3n y de acceso.<\/p>\n<p>3. M\u00e1s espec\u00edficamente, utilizamos las siguientes cookies:<br \/>\n&#8211; No utilizamos cookies adicionales.<\/p>\n<p>4. Cuando visite nuestro Sitio web, podr\u00e1n instalarse cookies del Responsable y\/o de terceros en su equipo.<\/p>\n<p>5. Para obtener m\u00e1s informaci\u00f3n sobre el uso, la gesti\u00f3n y la eliminaci\u00f3n de cookies en cada tipo de dispositivo, le invitamos a consultar el siguiente enlace: https:\/\/autoriteitpersoonsgegevens.nl\/nl\/onderwerpen\/internet-telefoon-tv-en-post\/cookies#faq<\/p>\n<p>Art\u00edculo 12 &#8211; Material visual y productos ofrecidos<\/p>\n<p>No se podr\u00e1n derivar derechos de las im\u00e1genes asociadas a los productos ofrecidos en el Sitio web.<\/p>\n<p>Art\u00edculo 13 &#8211; Derecho aplicable<\/p>\n<p>A las presentes condiciones les ser\u00e1 de aplicaci\u00f3n el derecho neerland\u00e9s. El tribunal del lugar de establecimiento del Responsable ser\u00e1 exclusivamente competente para conocer de cualquier controversia relativa a estas condiciones, salvo que exista una excepci\u00f3n legal aplicable. <\/p>\n<p>Art\u00edculo 14 &#8211; Contacto<\/p>\n<p>Para preguntas, informaci\u00f3n sobre productos o sobre el propio Sitio web, puede ponerse en contacto con: Passimoncello, Info@passimoncello.nl.<\/p>\n<p>Art\u00edculo 15 &#8211; Atribuci\u00f3n<\/p>\n<p>Esta declaraci\u00f3n de privacidad ha sido elaborada con la ayuda de Rocket Lawyer (https:\/\/www.rocketlawyer.com\/nl\/nl)<\/p>\n<p>La presente declaraci\u00f3n de privacidad es aplicable hasta nuevo aviso.<\/p>\n<p><\/p>\n\t\t<\/grid>\n\t<\/grid>\n<\/section>","protected":false},"excerpt":{"rendered":"","protected":false},"author":1,"featured_media":0,"parent":0,"menu_order":0,"comment_status":"closed","ping_status":"closed","template":"","meta":{"_acf_changed":false,"footnotes":""},"class_list":["post-892","page","type-page","status-publish","hentry"],"acf":[],"yoast_head":"<!-- This site is optimized with the Yoast SEO plugin v27.4 - https:\/\/yoast.com\/product\/yoast-seo-wordpress\/ -->\n<title>Pol\u00edtica de privacidad - Passimoncello<\/title>\n<meta name=\"robots\" content=\"index, follow, max-snippet:-1, max-image-preview:large, max-video-preview:-1\" \/>\n<link rel=\"canonical\" href=\"https:\/\/www.passimoncello.nl\/es\/politica-de-privacidad\/\" \/>\n<meta property=\"og:locale\" content=\"es_ES\" \/>\n<meta property=\"og:type\" content=\"article\" \/>\n<meta property=\"og:title\" content=\"Pol\u00edtica de privacidad - Passimoncello\" \/>\n<meta property=\"og:url\" content=\"https:\/\/www.passimoncello.nl\/es\/politica-de-privacidad\/\" \/>\n<meta property=\"og:site_name\" content=\"Passimoncello\" \/>\n<meta property=\"article:publisher\" content=\"https:\/\/www.facebook.com\/profile.php?id=100080135461266\" \/>\n<meta property=\"article:modified_time\" content=\"2026-04-21T12:39:09+00:00\" \/>\n<meta name=\"twitter:card\" content=\"summary_large_image\" \/>\n<script type=\"application\/ld+json\" class=\"yoast-schema-graph\">{\"@context\":\"https:\\\/\\\/schema.org\",\"@graph\":[{\"@type\":\"WebPage\",\"@id\":\"https:\\\/\\\/www.passimoncello.nl\\\/es\\\/politica-de-privacidad\\\/\",\"url\":\"https:\\\/\\\/www.passimoncello.nl\\\/es\\\/politica-de-privacidad\\\/\",\"name\":\"Pol\u00edtica de privacidad - Passimoncello\",\"isPartOf\":{\"@id\":\"https:\\\/\\\/www.passimoncello.nl\\\/#website\"},\"datePublished\":\"2025-12-16T10:20:20+00:00\",\"dateModified\":\"2026-04-21T12:39:09+00:00\",\"breadcrumb\":{\"@id\":\"https:\\\/\\\/www.passimoncello.nl\\\/es\\\/politica-de-privacidad\\\/#breadcrumb\"},\"inLanguage\":\"es\",\"potentialAction\":[{\"@type\":\"ReadAction\",\"target\":[\"https:\\\/\\\/www.passimoncello.nl\\\/es\\\/politica-de-privacidad\\\/\"]}]},{\"@type\":\"BreadcrumbList\",\"@id\":\"https:\\\/\\\/www.passimoncello.nl\\\/es\\\/politica-de-privacidad\\\/#breadcrumb\",\"itemListElement\":[{\"@type\":\"ListItem\",\"position\":1,\"name\":\"Home\",\"item\":\"https:\\\/\\\/www.passimoncello.nl\\\/es\\\/inicio\\\/\"},{\"@type\":\"ListItem\",\"position\":2,\"name\":\"Pol\u00edtica de privacidad\"}]},{\"@type\":\"WebSite\",\"@id\":\"https:\\\/\\\/www.passimoncello.nl\\\/#website\",\"url\":\"https:\\\/\\\/www.passimoncello.nl\\\/\",\"name\":\"Passimoncello\",\"description\":\"\",\"publisher\":{\"@id\":\"https:\\\/\\\/www.passimoncello.nl\\\/#organization\"},\"potentialAction\":[{\"@type\":\"SearchAction\",\"target\":{\"@type\":\"EntryPoint\",\"urlTemplate\":\"https:\\\/\\\/www.passimoncello.nl\\\/?s={search_term_string}\"},\"query-input\":{\"@type\":\"PropertyValueSpecification\",\"valueRequired\":true,\"valueName\":\"search_term_string\"}}],\"inLanguage\":\"es\"},{\"@type\":\"Organization\",\"@id\":\"https:\\\/\\\/www.passimoncello.nl\\\/#organization\",\"name\":\"Passimoncello\",\"url\":\"https:\\\/\\\/www.passimoncello.nl\\\/\",\"logo\":{\"@type\":\"ImageObject\",\"inLanguage\":\"es\",\"@id\":\"https:\\\/\\\/www.passimoncello.nl\\\/#\\\/schema\\\/logo\\\/image\\\/\",\"url\":\"https:\\\/\\\/www.passimoncello.nl\\\/wp-content\\\/uploads\\\/2026\\\/01\\\/Final-logo-logo.jpg\",\"contentUrl\":\"https:\\\/\\\/www.passimoncello.nl\\\/wp-content\\\/uploads\\\/2026\\\/01\\\/Final-logo-logo.jpg\",\"width\":668,\"height\":306,\"caption\":\"Passimoncello\"},\"image\":{\"@id\":\"https:\\\/\\\/www.passimoncello.nl\\\/#\\\/schema\\\/logo\\\/image\\\/\"},\"sameAs\":[\"https:\\\/\\\/www.facebook.com\\\/profile.php?id=100080135461266\",\"https:\\\/\\\/www.instagram.com\\\/passimoncello\\\/\",\"https:\\\/\\\/www.tiktok.com\\\/@passimoncello\"]}]}<\/script>\n<!-- \/ Yoast SEO plugin. -->","yoast_head_json":{"title":"Pol\u00edtica de privacidad - Passimoncello","robots":{"index":"index","follow":"follow","max-snippet":"max-snippet:-1","max-image-preview":"max-image-preview:large","max-video-preview":"max-video-preview:-1"},"canonical":"https:\/\/www.passimoncello.nl\/es\/politica-de-privacidad\/","og_locale":"es_ES","og_type":"article","og_title":"Pol\u00edtica de privacidad - Passimoncello","og_url":"https:\/\/www.passimoncello.nl\/es\/politica-de-privacidad\/","og_site_name":"Passimoncello","article_publisher":"https:\/\/www.facebook.com\/profile.php?id=100080135461266","article_modified_time":"2026-04-21T12:39:09+00:00","twitter_card":"summary_large_image","schema":{"@context":"https:\/\/schema.org","@graph":[{"@type":"WebPage","@id":"https:\/\/www.passimoncello.nl\/es\/politica-de-privacidad\/","url":"https:\/\/www.passimoncello.nl\/es\/politica-de-privacidad\/","name":"Pol\u00edtica de privacidad - Passimoncello","isPartOf":{"@id":"https:\/\/www.passimoncello.nl\/#website"},"datePublished":"2025-12-16T10:20:20+00:00","dateModified":"2026-04-21T12:39:09+00:00","breadcrumb":{"@id":"https:\/\/www.passimoncello.nl\/es\/politica-de-privacidad\/#breadcrumb"},"inLanguage":"es","potentialAction":[{"@type":"ReadAction","target":["https:\/\/www.passimoncello.nl\/es\/politica-de-privacidad\/"]}]},{"@type":"BreadcrumbList","@id":"https:\/\/www.passimoncello.nl\/es\/politica-de-privacidad\/#breadcrumb","itemListElement":[{"@type":"ListItem","position":1,"name":"Home","item":"https:\/\/www.passimoncello.nl\/es\/inicio\/"},{"@type":"ListItem","position":2,"name":"Pol\u00edtica de privacidad"}]},{"@type":"WebSite","@id":"https:\/\/www.passimoncello.nl\/#website","url":"https:\/\/www.passimoncello.nl\/","name":"Passimoncello","description":"","publisher":{"@id":"https:\/\/www.passimoncello.nl\/#organization"},"potentialAction":[{"@type":"SearchAction","target":{"@type":"EntryPoint","urlTemplate":"https:\/\/www.passimoncello.nl\/?s={search_term_string}"},"query-input":{"@type":"PropertyValueSpecification","valueRequired":true,"valueName":"search_term_string"}}],"inLanguage":"es"},{"@type":"Organization","@id":"https:\/\/www.passimoncello.nl\/#organization","name":"Passimoncello","url":"https:\/\/www.passimoncello.nl\/","logo":{"@type":"ImageObject","inLanguage":"es","@id":"https:\/\/www.passimoncello.nl\/#\/schema\/logo\/image\/","url":"https:\/\/www.passimoncello.nl\/wp-content\/uploads\/2026\/01\/Final-logo-logo.jpg","contentUrl":"https:\/\/www.passimoncello.nl\/wp-content\/uploads\/2026\/01\/Final-logo-logo.jpg","width":668,"height":306,"caption":"Passimoncello"},"image":{"@id":"https:\/\/www.passimoncello.nl\/#\/schema\/logo\/image\/"},"sameAs":["https:\/\/www.facebook.com\/profile.php?id=100080135461266","https:\/\/www.instagram.com\/passimoncello\/","https:\/\/www.tiktok.com\/@passimoncello"]}]}},"_links":{"self":[{"href":"https:\/\/www.passimoncello.nl\/es\/wp-json\/wp\/v2\/pages\/892","targetHints":{"allow":["GET"]}}],"collection":[{"href":"https:\/\/www.passimoncello.nl\/es\/wp-json\/wp\/v2\/pages"}],"about":[{"href":"https:\/\/www.passimoncello.nl\/es\/wp-json\/wp\/v2\/types\/page"}],"author":[{"embeddable":true,"href":"https:\/\/www.passimoncello.nl\/es\/wp-json\/wp\/v2\/users\/1"}],"replies":[{"embeddable":true,"href":"https:\/\/www.passimoncello.nl\/es\/wp-json\/wp\/v2\/comments?post=892"}],"version-history":[{"count":3,"href":"https:\/\/www.passimoncello.nl\/es\/wp-json\/wp\/v2\/pages\/892\/revisions"}],"predecessor-version":[{"id":895,"href":"https:\/\/www.passimoncello.nl\/es\/wp-json\/wp\/v2\/pages\/892\/revisions\/895"}],"wp:attachment":[{"href":"https:\/\/www.passimoncello.nl\/es\/wp-json\/wp\/v2\/media?parent=892"}],"curies":[{"name":"wp","href":"https:\/\/api.w.org\/{rel}","templated":true}]}}