{"id":809,"date":"2025-12-16T10:08:54","date_gmt":"2025-12-16T10:08:54","guid":{"rendered":"https:\/\/www.passimoncello.nl\/condiciones-generales\/"},"modified":"2026-04-21T08:58:28","modified_gmt":"2026-04-21T08:58:28","slug":"condiciones-generales","status":"publish","type":"page","link":"https:\/\/www.passimoncello.nl\/es\/condiciones-generales\/","title":{"rendered":"Condiciones generales"},"content":{"rendered":"<section class=\"editor std-padding\">\n\t<grid class=\"boxed\">\n\t\t<grid class=\"text-box autop\">\n            <h1 class=\"font-heading\">Condiciones generales<\/h1>\n\t\t\t<p>Condiciones generales de Passimoncello<br \/>\nE-mail: Info@Passimoncello.nl<br \/>\nSitio web: www.Passimoncello.nl<\/p>\n<p>Definiciones<\/p>\n<p>1. Passimoncello B.V., con domicilio social en Eindhoven, inscrita en la C\u00e1mara de Comercio con el n.\u00ba 91501091.<br \/>\n2. Cliente: la persona con la que Passimoncello ha celebrado un contrato.<br \/>\n3. Partes: Passimoncello y el cliente en conjunto.<br \/>\n4. Consumidor: un cliente que es tambi\u00e9n una persona f\u00edsica y que act\u00faa a t\u00edtulo particular.<\/p>\n<p>Aplicabilidad de las condiciones generales<\/p>\n<p>1. Las presentes condiciones se aplican a todos los presupuestos, ofertas, trabajos, pedidos, contratos<br \/>\ny prestaciones de servicios o productos por parte de Passimoncello o en su nombre.<br \/>\n2. Las partes solo podr\u00e1n apartarse de las presentes condiciones si as\u00ed lo han acordado expresamente y por escrito.<br \/>\n3. Las partes excluyen expresamente la aplicabilidad de condiciones generales adicionales y\/o divergentes del cliente o de<br \/>\nterceros.<\/p>\n<p>Precios<\/p>\n<p>1. Todos los precios que aplica Passimoncello est\u00e1n expresados en euros, no incluyen el IVA ni otros posibles gastos, tales como<br \/>\ngastos de administraci\u00f3n, tasas y gastos de viaje, env\u00edo o transporte, salvo que se indique expresamente lo contrario o se acuerde otra cosa.<br \/>\n2. Passimoncello podr\u00e1 modificar en cualquier momento todos los precios que aplica a sus productos, tanto los que figuran en su sitio web como los que se hayan dado a conocer de cualquier otra forma.<br \/>\n3. Los aumentos en los costes de los productos o de sus componentes, que Passimoncello no pudiera prever en el momento<br \/>\nde realizar la oferta o de formalizarse el contrato, podr\u00e1n dar lugar a<br \/>\naumentos de precios.<br \/>\n4. El consumidor tiene derecho a rescindir un contrato como consecuencia de un aumento de precio tal y como se contempla en<br \/>\nel apartado 3, salvo que dicho aumento sea consecuencia de una disposici\u00f3n legal.<\/p>\n<p>Muestras y modelos<\/p>\n<p>Indien de klant een monster of model van een product heeft ontvangen, dan kan hij daaraan geen andere rechten<br \/>\nontlenen dan dat het een aanduiding is van de aard van het product, tenzij partijen uitdrukkelijk hebben afgesproken<br \/>\ndat de te leveren producten met het monster of model overeenstemmen.<\/p>\n<p>Pagos y plazos de pago<\/p>\n<p>1. El cliente deber\u00e1 pagar las facturas a Passimoncello dentro de los 14 d\u00edas siguientes a la fecha de la factura, salvo que las partes hayan acordado lo contrario o que en la factura se indique un plazo de pago diferente.<br \/>2. Los plazos de pago se considerar\u00e1n plazos esenciales. Esto significa que, si el cliente no ha abonado el importe acordado a m\u00e1s tardar el \u00faltimo d\u00eda del plazo de pago, incurrir\u00e1 autom\u00e1ticamente en mora, sin que sea necesario que Passimoncello le env\u00ede un requerimiento de pago ni una notificaci\u00f3n de incumplimiento.<br \/>3. Passimoncello se reserva el derecho de supeditar una entrega al pago inmediato o de exigir una garant\u00eda por el importe total de los servicios o productos. <\/p>\n<p>Consecuencias del pago tard\u00edo<\/p>\n<p>1. En caso de que el cliente no pague dentro del plazo acordado, Passimoncello tendr\u00e1 derecho a cobrar el inter\u00e9s legal del 8 % mensual aplicable a las transacciones comerciales, a partir del d\u00eda en que el cliente incurra en mora, consider\u00e1ndose cualquier fracci\u00f3n de mes como un mes completo.<br \/>2. Cuando el cliente incurra en mora, tambi\u00e9n estar\u00e1 obligado a pagar a Passimoncello los gastos extrajudiciales de cobro, as\u00ed como cualquier indemnizaci\u00f3n por da\u00f1os y perjuicios.<br \/>3. Los gastos de cobro se calcular\u00e1n de conformidad con la normativa aplicable en materia de compensaci\u00f3n por gastos extrajudiciales de cobro.<br \/>4. En caso de falta de pago en plazo, Passimoncello podr\u00e1 suspender sus obligaciones hasta que el cliente haya cumplido con su obligaci\u00f3n de pago.<br \/>5. En caso de liquidaci\u00f3n, quiebra, embargo o suspensi\u00f3n de pagos por parte del cliente, los cr\u00e9ditos de Passimoncello frente al cliente ser\u00e1n inmediatamente exigibles.<br \/>6. Si el cliente se niega a cooperar en la ejecuci\u00f3n del contrato por parte de Passimoncello, seguir\u00e1 estando obligado a pagar el precio acordado.<\/p>\n<p>Derecho de recuperaci\u00f3n de bienes<\/p>\n<p>1. En el momento en que el cliente incurra en mora, Passimoncello tendr\u00e1 derecho a ejercer el derecho de recuperaci\u00f3n de los productos entregados al cliente que no hayan sido pagados.<br \/>2. Passimoncello ejercer\u00e1 este derecho mediante una notificaci\u00f3n por escrito o por medios electr\u00f3nicos.<br \/>3. Una vez que el cliente haya sido notificado del ejercicio de este derecho, deber\u00e1 devolver de inmediato a Passimoncello los productos a los que se refiere dicho derecho, salvo que las partes acuerden lo contrario.<br \/>4. Los costes de la recogida o devoluci\u00f3n de los productos correr\u00e1n a cargo del cliente.<\/p>\n<p>Derecho de suspensi\u00f3n<\/p>\n<p>Salvo que el cliente sea un consumidor, el cliente renuncia al derecho de suspender el cumplimiento de cualquier obligaci\u00f3n derivada del presente contrato.<\/p>\n<p>Derecho de retenci\u00f3n<\/p>\n<p>1. Passimoncello podr\u00e1 ejercer su derecho de retenci\u00f3n y, en tal caso, mantener en su poder los productos del cliente hasta que este haya abonado todas las facturas pendientes frente a Passimoncello, salvo que el cliente haya constituido una garant\u00eda suficiente por dichos importes.<br \/>2. El derecho de retenci\u00f3n tambi\u00e9n se aplicar\u00e1 en virtud de acuerdos anteriores en los que el cliente a\u00fan adeude pagos a Passimoncello.<br \/>3. Passimoncello no ser\u00e1 en ning\u00fan caso responsable de los posibles da\u00f1os que el cliente pudiera sufrir como consecuencia del ejercicio de su derecho de retenci\u00f3n.<\/p>\n<p>Compensaci\u00f3n<\/p>\n<p>Salvo que el cliente sea un consumidor, el cliente renuncia a su derecho a compensar una deuda frente a Passimoncello con un cr\u00e9dito frente a Passimoncello.<\/p>\n<p>Reserva de dominio<\/p>\n<p>1. Passimoncello seguir\u00e1 siendo propietario de todos los productos suministrados hasta que el cliente haya cumplido \u00edntegramente con todas sus obligaciones de pago frente a Passimoncello derivadas de cualquier contrato celebrado con Passimoncello, incluidas las reclamaciones por incumplimiento.<br \/>2. Hasta ese momento, Passimoncello podr\u00e1 invocar su reserva de dominio y recuperar los bienes.<br \/>3. Antes de que la propiedad haya sido transferida al cliente, este no podr\u00e1 pignorar, vender, enajenar ni gravar de ning\u00fan otro modo los productos.<br \/>4. En caso de que Passimoncello invoque su reserva de dominio, el contrato se considerar\u00e1 resuelto y Passimoncello tendr\u00e1 derecho a reclamar una indemnizaci\u00f3n por da\u00f1os y perjuicios, lucro cesante e intereses.<\/p>\n<p>Entrega<\/p>\n<p>1. La entrega se realizar\u00e1 hasta agotar existencias.<br \/>2. La entrega tendr\u00e1 lugar en Passimoncello, salvo que las partes acuerden lo contrario.<br \/>3. La entrega de los productos pedidos en l\u00ednea se realizar\u00e1 en la direcci\u00f3n indicada por el cliente.<br \/>4. Si los importes acordados no se abonan o no se abonan a tiempo, Passimoncello tendr\u00e1 derecho a suspender sus obligaciones hasta que se haya efectuado el pago correspondiente.<br \/>5. En caso de pago tard\u00edo, se producir\u00e1 mora del acreedor, como consecuencia de lo cual el cliente no podr\u00e1 oponer a Passimoncello un retraso en la entrega.<\/p>\n<p>Plazo de entrega<\/p>\n<p>1. Los plazos de entrega indicados por Passimoncello son orientativos y su superaci\u00f3n no otorga al cliente derecho a la resoluci\u00f3n del contrato ni a indemnizaci\u00f3n alguna, salvo que las partes hayan acordado expresamente y por escrito lo contrario.<br \/>2. El plazo de entrega comenzar\u00e1 en el momento en que el cliente haya completado \u00edntegramente el proceso de pedido (electr\u00f3nico) y haya recibido una confirmaci\u00f3n (electr\u00f3nica) de Passimoncello.<br \/>3. El incumplimiento del plazo de entrega indicado no otorga al cliente derecho a indemnizaci\u00f3n ni tampoco el derecho a resolver el contrato, salvo que Passimoncello no pueda realizar la entrega dentro de los 14 d\u00edas siguientes tras haber sido requerido por escrito para ello, o que las partes hayan acordado otra cosa.<br \/>Entrega efectiva<br \/>\nEl cliente deber\u00e1 asegurarse de que la entrega efectiva de los productos solicitados por \u00e9l pueda realizarse a tiempo.<\/p>\n<p>Gastos de transporte<\/p>\n<p>Los gastos de transporte correr\u00e1n a cargo del cliente, salvo que las partes hayan acordado lo contrario.<\/p>\n<p>Embalaje y env\u00edo<\/p>\n<p>1. Si el embalaje de un producto entregado est\u00e1 abierto o da\u00f1ado, el cliente deber\u00e1, antes de aceptar la entrega del producto, hacer que el transportista o repartidor deje constancia de ello; en su defecto, Passimoncello no podr\u00e1 ser considerado responsable de los posibles da\u00f1os.<br \/>2. Si el cliente se encarga \u00e9l mismo del transporte de un producto, deber\u00e1 notificar a Passimoncello cualquier da\u00f1o visible en los productos o en el embalaje antes del transporte; en su defecto, Passimoncello no podr\u00e1 ser considerado responsable de los posibles da\u00f1os.<\/p>\n<p>Dep\u00f3sito<\/p>\n<p>1. Si el cliente retira los productos solicitados en una fecha posterior a la fecha de entrega acordada, el riesgo de cualquier posible p\u00e9rdida de calidad recaer\u00e1 \u00edntegramente en el cliente.<br \/>2. Los posibles costes adicionales derivados de la retirada anticipada o tard\u00eda de los productos correr\u00e1n \u00edntegramente a cargo del cliente.<\/p>\n<p>Garant\u00eda<\/p>\n<p>1. La garant\u00eda relativa a los productos se aplica exclusivamente a los defectos causados por una fabricaci\u00f3n, construcci\u00f3n o materiales defectuosos.<br \/>2. La garant\u00eda no ser\u00e1 aplicable en caso de desgaste normal ni de da\u00f1os derivados de accidentes, modificaciones realizadas en el producto, negligencia o uso inadecuado por parte del cliente, as\u00ed como cuando no pueda determinarse claramente la causa del defecto.<br \/>3. El riesgo de p\u00e9rdida, da\u00f1o o robo de los productos objeto de un contrato entre las partes se transferir\u00e1 al cliente en el momento en que dichos productos sean entregados jur\u00eddica y\/o efectivamente, o en el momento en que pasen a estar bajo el control del cliente o de un tercero que reciba el producto en nombre del cliente.<\/p>\n<p>Indemnizaci\u00f3n<\/p>\n<p>El cliente indemniza a Passimoncello frente a todas las reclamaciones de terceros relacionadas con los productos y\/o servicios suministrados por Passimoncello.<\/p>\n<p>Reclamaciones<\/p>\n<p>1. El cliente deber\u00e1 examinar lo antes posible el producto suministrado o el servicio prestado por Passimoncello para detectar posibles deficiencias.<br \/>2. Si un producto suministrado o un servicio prestado no se ajusta a lo que el cliente pod\u00eda razonablemente esperar del contrato, este deber\u00e1 informar a Passimoncello lo antes posible, y en cualquier caso dentro de un plazo de 1 mes desde la constataci\u00f3n de las deficiencias.<br \/>3. Los consumidores deber\u00e1n informar a Passimoncello de las deficiencias a m\u00e1s tardar dentro de los 2 meses siguientes a su constataci\u00f3n.<br \/>4. El cliente deber\u00e1 proporcionar una descripci\u00f3n lo m\u00e1s detallada posible de la deficiencia, de modo que Passimoncello pueda responder adecuadamente.<br \/>5. El cliente deber\u00e1 demostrar que la reclamaci\u00f3n se refiere a un contrato entre las partes.<br \/>6. Si una reclamaci\u00f3n se refiere a trabajos en curso, ello no podr\u00e1 dar lugar en ning\u00fan caso a que Passimoncello est\u00e9 obligado a realizar trabajos distintos de los acordados.<\/p>\n<p>Requerimiento de cumplimiento<\/p>\n<p>1. El cliente deber\u00e1 notificar el requerimiento de cumplimiento por escrito a Passimoncello.<br \/>\n2. Ser\u00e1 responsabilidad del cliente que dicho requerimiento de cumplimiento llegue efectivamente y a tiempo a Passimoncello.<\/p>\n<p>Responsabilidad solidaria del cliente<\/p>\n<p>Si Passimoncello celebra un contrato con varios clientes, cada uno de ellos ser\u00e1 solidariamente responsable de la totalidad de los importes que adeuden a Passimoncello en virtud de dicho contrato.<\/p>\n<p>Responsabilidad de Passimoncello<\/p>\n<p>1. Passimoncello solo ser\u00e1 responsable de los da\u00f1os que sufra el cliente si y en la medida en que dichos da\u00f1os hayan sido causados por dolo o negligencia grave.<br \/>2. Si Passimoncello fuera responsable de alg\u00fan da\u00f1o, dicha responsabilidad se limitar\u00e1 \u00fanicamente a los da\u00f1os directos que se deriven de o est\u00e9n relacionados con la ejecuci\u00f3n de un contrato.<br \/>3. Passimoncello no ser\u00e1 en ning\u00fan caso responsable de da\u00f1os indirectos, tales como da\u00f1os consecuenciales, lucro cesante, ahorros no realizados o da\u00f1os a terceros.<br \/>4. Si Passimoncello fuera responsable, dicha responsabilidad se limitar\u00e1 al importe que se abone en virtud de un seguro de responsabilidad (profesional) contratado y, en caso de que la aseguradora no proceda al pago (completo) del importe del da\u00f1o, la responsabilidad se limitar\u00e1 al importe (o a la parte correspondiente) de la factura a la que se refiera la responsabilidad.<br \/>5. Todas las im\u00e1genes, fotograf\u00edas, colores, dibujos y descripciones en la p\u00e1gina web o en un cat\u00e1logo son meramente indicativos, tienen un car\u00e1cter aproximado y no podr\u00e1n dar lugar a indemnizaci\u00f3n alguna ni a la resoluci\u00f3n (total o parcial) del contrato ni a la suspensi\u00f3n de ninguna obligaci\u00f3n.<\/p>\n<p>Plazo de caducidad<\/p>\n<p>Todo derecho del cliente a reclamar una indemnizaci\u00f3n a Passimoncello caducar\u00e1 en cualquier caso a los 12 meses desde el hecho del que se derive directa o indirectamente la responsabilidad. Esto no excluye lo dispuesto en el art\u00edculo 6:89 del C\u00f3digo Civil neerland\u00e9s. <\/p>\n<p>Derecho de resoluci\u00f3n<\/p>\n<p>1. El cliente tendr\u00e1 derecho a resolver el contrato cuando Passimoncello incumpla de forma imputable sus obligaciones, salvo que dicho incumplimiento, por su naturaleza especial o por su escasa importancia, no justifique la resoluci\u00f3n.<br \/>2. Si el cumplimiento de las obligaciones por parte de Passimoncello no es permanente o temporalmente imposible, la resoluci\u00f3n solo podr\u00e1 tener lugar una vez que Passimoncello se encuentre en mora.<br \/>3. Passimoncello tendr\u00e1 derecho a resolver el contrato con el cliente si este no cumple total o puntualmente sus obligaciones derivadas del contrato, o si Passimoncello tiene conocimiento de circunstancias que le den motivos fundados para temer que el cliente no podr\u00e1 cumplir debidamente sus obligaciones.<\/p>\n<p>Fuerza Mayor<\/p>\n<p>1. Adem\u00e1s de lo dispuesto en el art\u00edculo 6:75 del C\u00f3digo Civil neerland\u00e9s, se considerar\u00e1 que un incumplimiento por parte de Passimoncello de cualquiera de sus obligaciones frente al cliente no le es imputable cuando se deba a una circunstancia independiente de la voluntad de Passimoncello, que impida total o parcialmente el cumplimiento de sus obligaciones frente al cliente, o que haga que razonablemente no se pueda exigir dicho cumplimiento a Passimoncello.<\/p>\n<p>2. Entre las situaciones de fuerza mayor mencionadas en el apartado 1 se incluyen tambi\u00e9n \u2014aunque no de forma exclusiva\u2014: estados de emergencia (como guerra civil, insurrecciones, disturbios, desastres naturales, etc.); incumplimientos y fuerza mayor de proveedores, transportistas u otros terceros; fallos imprevistos de suministro el\u00e9ctrico, electricidad, internet, sistemas inform\u00e1ticos y telecomunicaciones; virus inform\u00e1ticos, huelgas, medidas gubernamentales, problemas de transporte imprevistos, condiciones meteorol\u00f3gicas adversas e interrupciones laborales.<br \/>\n3. Si se produce una situaci\u00f3n de fuerza mayor que impida a Passimoncello cumplir una o varias de sus obligaciones frente al cliente, dichas obligaciones quedar\u00e1n suspendidas hasta que Passimoncello pueda volver a cumplirlas.<br \/>\n4. A partir del momento en que una situaci\u00f3n de fuerza mayor haya durado al menos 30 d\u00edas naturales, ambas partes podr\u00e1n resolver total o parcialmente el contrato por escrito.<br \/>\n5. En caso de fuerza mayor, Passimoncello no estar\u00e1 obligado a pagar indemnizaci\u00f3n alguna, ni siquiera si obtiene alg\u00fan beneficio como consecuencia de dicha situaci\u00f3n de fuerza mayor.<\/p>\n<p>Modificaci\u00f3n del contrato<\/p>\n<p>1. Si, tras la celebraci\u00f3n del contrato, resultara necesario modificar o complementar su contenido para su ejecuci\u00f3n, las partes ajustar\u00e1n el contrato en consecuencia, de forma oportuna y de mutuo acuerdo.<br \/>2. El apartado anterior no ser\u00e1 de aplicaci\u00f3n a los productos adquiridos en una tienda f\u00edsica.<\/p>\n<p>Modificaci\u00f3n de las condiciones generales<\/p>\n<p>1. Passimoncello tendr\u00e1 derecho a modificar o complementar las presentes condiciones generales.<br \/>2. Las modificaciones de car\u00e1cter menor podr\u00e1n realizarse en cualquier momento.<br \/>3. Passimoncello procurar\u00e1, en la medida de lo posible, consultar previamente con el cliente las modificaciones sustanciales de contenido.<br \/>4. Los consumidores tendr\u00e1n derecho a resolver el contrato en caso de una modificaci\u00f3n sustancial de las condiciones generales.<\/p>\n<p>Cesi\u00f3n de derechos<\/p>\n<p>1. Los derechos del cliente derivados de un contrato entre las partes no podr\u00e1n ser cedidos a terceros sin el consentimiento previo y por escrito de Passimoncello.<br \/>2. Esta disposici\u00f3n tendr\u00e1 car\u00e1cter de cl\u00e1usula con efectos reales conforme a lo dispuesto en el art\u00edculo 3:83, apartado 2, del C\u00f3digo Civil neerland\u00e9s.<\/p>\n<p>Consecuencias de la nulidad o anulabilidad<\/p>\n<p>1. Si una o varias disposiciones de las presentes condiciones generales resultaran nulas o anulables, ello no afectar\u00e1 a la validez de las dem\u00e1s disposiciones.<br \/>\n2. En tal caso, la disposici\u00f3n nula o anulable ser\u00e1 sustituida por una disposici\u00f3n que se aproxime lo m\u00e1ximo posible a lo que Passimoncello pretend\u00eda al redactar dicha cl\u00e1usula.<\/p>\n<p>Derecho aplicable y jurisdicci\u00f3n competente<\/p>\n<p>1. A todos los contratos entre las partes se les aplicar\u00e1 exclusivamente el derecho neerland\u00e9s.<br \/>2. El tribunal neerland\u00e9s del distrito en el que Passimoncello tenga su domicilio \/ ejerza su actividad \/ tenga su oficina ser\u00e1 exclusivamente competente para conocer de cualquier controversia entre las partes, salvo que la ley disponga imperativamente lo contrario.<\/p>\n<p>Redactado el 1 de octubre de 2022.<\/p>\n\t\t<\/grid>\n\t<\/grid>\n<\/section>","protected":false},"excerpt":{"rendered":"","protected":false},"author":1,"featured_media":0,"parent":0,"menu_order":0,"comment_status":"closed","ping_status":"closed","template":"","meta":{"_acf_changed":false,"footnotes":""},"class_list":["post-809","page","type-page","status-publish","hentry"],"acf":[],"yoast_head":"<!-- This site is optimized with the Yoast SEO plugin v27.4 - https:\/\/yoast.com\/product\/yoast-seo-wordpress\/ -->\n<title>Condiciones generales - Passimoncello<\/title>\n<meta name=\"robots\" content=\"index, follow, max-snippet:-1, max-image-preview:large, max-video-preview:-1\" \/>\n<link rel=\"canonical\" href=\"https:\/\/www.passimoncello.nl\/es\/condiciones-generales\/\" \/>\n<meta property=\"og:locale\" content=\"es_ES\" \/>\n<meta property=\"og:type\" content=\"article\" \/>\n<meta property=\"og:title\" content=\"Condiciones generales - Passimoncello\" \/>\n<meta property=\"og:url\" content=\"https:\/\/www.passimoncello.nl\/es\/condiciones-generales\/\" \/>\n<meta property=\"og:site_name\" content=\"Passimoncello\" \/>\n<meta property=\"article:publisher\" content=\"https:\/\/www.facebook.com\/profile.php?id=100080135461266\" \/>\n<meta property=\"article:modified_time\" content=\"2026-04-21T08:58:28+00:00\" \/>\n<meta name=\"twitter:card\" content=\"summary_large_image\" \/>\n<script type=\"application\/ld+json\" class=\"yoast-schema-graph\">{\"@context\":\"https:\\\/\\\/schema.org\",\"@graph\":[{\"@type\":\"WebPage\",\"@id\":\"https:\\\/\\\/www.passimoncello.nl\\\/es\\\/condiciones-generales\\\/\",\"url\":\"https:\\\/\\\/www.passimoncello.nl\\\/es\\\/condiciones-generales\\\/\",\"name\":\"Condiciones generales - Passimoncello\",\"isPartOf\":{\"@id\":\"https:\\\/\\\/www.passimoncello.nl\\\/#website\"},\"datePublished\":\"2025-12-16T10:08:54+00:00\",\"dateModified\":\"2026-04-21T08:58:28+00:00\",\"breadcrumb\":{\"@id\":\"https:\\\/\\\/www.passimoncello.nl\\\/es\\\/condiciones-generales\\\/#breadcrumb\"},\"inLanguage\":\"es\",\"potentialAction\":[{\"@type\":\"ReadAction\",\"target\":[\"https:\\\/\\\/www.passimoncello.nl\\\/es\\\/condiciones-generales\\\/\"]}]},{\"@type\":\"BreadcrumbList\",\"@id\":\"https:\\\/\\\/www.passimoncello.nl\\\/es\\\/condiciones-generales\\\/#breadcrumb\",\"itemListElement\":[{\"@type\":\"ListItem\",\"position\":1,\"name\":\"Home\",\"item\":\"https:\\\/\\\/www.passimoncello.nl\\\/es\\\/inicio\\\/\"},{\"@type\":\"ListItem\",\"position\":2,\"name\":\"Condiciones generales\"}]},{\"@type\":\"WebSite\",\"@id\":\"https:\\\/\\\/www.passimoncello.nl\\\/#website\",\"url\":\"https:\\\/\\\/www.passimoncello.nl\\\/\",\"name\":\"Passimoncello\",\"description\":\"\",\"publisher\":{\"@id\":\"https:\\\/\\\/www.passimoncello.nl\\\/#organization\"},\"potentialAction\":[{\"@type\":\"SearchAction\",\"target\":{\"@type\":\"EntryPoint\",\"urlTemplate\":\"https:\\\/\\\/www.passimoncello.nl\\\/?s={search_term_string}\"},\"query-input\":{\"@type\":\"PropertyValueSpecification\",\"valueRequired\":true,\"valueName\":\"search_term_string\"}}],\"inLanguage\":\"es\"},{\"@type\":\"Organization\",\"@id\":\"https:\\\/\\\/www.passimoncello.nl\\\/#organization\",\"name\":\"Passimoncello\",\"url\":\"https:\\\/\\\/www.passimoncello.nl\\\/\",\"logo\":{\"@type\":\"ImageObject\",\"inLanguage\":\"es\",\"@id\":\"https:\\\/\\\/www.passimoncello.nl\\\/#\\\/schema\\\/logo\\\/image\\\/\",\"url\":\"https:\\\/\\\/www.passimoncello.nl\\\/wp-content\\\/uploads\\\/2026\\\/01\\\/Final-logo-logo.jpg\",\"contentUrl\":\"https:\\\/\\\/www.passimoncello.nl\\\/wp-content\\\/uploads\\\/2026\\\/01\\\/Final-logo-logo.jpg\",\"width\":668,\"height\":306,\"caption\":\"Passimoncello\"},\"image\":{\"@id\":\"https:\\\/\\\/www.passimoncello.nl\\\/#\\\/schema\\\/logo\\\/image\\\/\"},\"sameAs\":[\"https:\\\/\\\/www.facebook.com\\\/profile.php?id=100080135461266\",\"https:\\\/\\\/www.instagram.com\\\/passimoncello\\\/\",\"https:\\\/\\\/www.tiktok.com\\\/@passimoncello\"]}]}<\/script>\n<!-- \/ Yoast SEO plugin. -->","yoast_head_json":{"title":"Condiciones generales - Passimoncello","robots":{"index":"index","follow":"follow","max-snippet":"max-snippet:-1","max-image-preview":"max-image-preview:large","max-video-preview":"max-video-preview:-1"},"canonical":"https:\/\/www.passimoncello.nl\/es\/condiciones-generales\/","og_locale":"es_ES","og_type":"article","og_title":"Condiciones generales - Passimoncello","og_url":"https:\/\/www.passimoncello.nl\/es\/condiciones-generales\/","og_site_name":"Passimoncello","article_publisher":"https:\/\/www.facebook.com\/profile.php?id=100080135461266","article_modified_time":"2026-04-21T08:58:28+00:00","twitter_card":"summary_large_image","schema":{"@context":"https:\/\/schema.org","@graph":[{"@type":"WebPage","@id":"https:\/\/www.passimoncello.nl\/es\/condiciones-generales\/","url":"https:\/\/www.passimoncello.nl\/es\/condiciones-generales\/","name":"Condiciones generales - Passimoncello","isPartOf":{"@id":"https:\/\/www.passimoncello.nl\/#website"},"datePublished":"2025-12-16T10:08:54+00:00","dateModified":"2026-04-21T08:58:28+00:00","breadcrumb":{"@id":"https:\/\/www.passimoncello.nl\/es\/condiciones-generales\/#breadcrumb"},"inLanguage":"es","potentialAction":[{"@type":"ReadAction","target":["https:\/\/www.passimoncello.nl\/es\/condiciones-generales\/"]}]},{"@type":"BreadcrumbList","@id":"https:\/\/www.passimoncello.nl\/es\/condiciones-generales\/#breadcrumb","itemListElement":[{"@type":"ListItem","position":1,"name":"Home","item":"https:\/\/www.passimoncello.nl\/es\/inicio\/"},{"@type":"ListItem","position":2,"name":"Condiciones generales"}]},{"@type":"WebSite","@id":"https:\/\/www.passimoncello.nl\/#website","url":"https:\/\/www.passimoncello.nl\/","name":"Passimoncello","description":"","publisher":{"@id":"https:\/\/www.passimoncello.nl\/#organization"},"potentialAction":[{"@type":"SearchAction","target":{"@type":"EntryPoint","urlTemplate":"https:\/\/www.passimoncello.nl\/?s={search_term_string}"},"query-input":{"@type":"PropertyValueSpecification","valueRequired":true,"valueName":"search_term_string"}}],"inLanguage":"es"},{"@type":"Organization","@id":"https:\/\/www.passimoncello.nl\/#organization","name":"Passimoncello","url":"https:\/\/www.passimoncello.nl\/","logo":{"@type":"ImageObject","inLanguage":"es","@id":"https:\/\/www.passimoncello.nl\/#\/schema\/logo\/image\/","url":"https:\/\/www.passimoncello.nl\/wp-content\/uploads\/2026\/01\/Final-logo-logo.jpg","contentUrl":"https:\/\/www.passimoncello.nl\/wp-content\/uploads\/2026\/01\/Final-logo-logo.jpg","width":668,"height":306,"caption":"Passimoncello"},"image":{"@id":"https:\/\/www.passimoncello.nl\/#\/schema\/logo\/image\/"},"sameAs":["https:\/\/www.facebook.com\/profile.php?id=100080135461266","https:\/\/www.instagram.com\/passimoncello\/","https:\/\/www.tiktok.com\/@passimoncello"]}]}},"_links":{"self":[{"href":"https:\/\/www.passimoncello.nl\/es\/wp-json\/wp\/v2\/pages\/809","targetHints":{"allow":["GET"]}}],"collection":[{"href":"https:\/\/www.passimoncello.nl\/es\/wp-json\/wp\/v2\/pages"}],"about":[{"href":"https:\/\/www.passimoncello.nl\/es\/wp-json\/wp\/v2\/types\/page"}],"author":[{"embeddable":true,"href":"https:\/\/www.passimoncello.nl\/es\/wp-json\/wp\/v2\/users\/1"}],"replies":[{"embeddable":true,"href":"https:\/\/www.passimoncello.nl\/es\/wp-json\/wp\/v2\/comments?post=809"}],"version-history":[{"count":1,"href":"https:\/\/www.passimoncello.nl\/es\/wp-json\/wp\/v2\/pages\/809\/revisions"}],"predecessor-version":[{"id":810,"href":"https:\/\/www.passimoncello.nl\/es\/wp-json\/wp\/v2\/pages\/809\/revisions\/810"}],"wp:attachment":[{"href":"https:\/\/www.passimoncello.nl\/es\/wp-json\/wp\/v2\/media?parent=809"}],"curies":[{"name":"wp","href":"https:\/\/api.w.org\/{rel}","templated":true}]}}